{"id":1428,"date":"2025-08-05T15:43:27","date_gmt":"2025-08-05T20:43:27","guid":{"rendered":"https:\/\/cajaherramientasea.ambiente.gob.ec\/?page_id=1428"},"modified":"2025-08-19T12:12:39","modified_gmt":"2025-08-19T17:12:39","slug":"inventario-de-recursos-de-ea-2","status":"publish","type":"page","link":"https:\/\/cajaherramientasea.ambiente.gob.ec\/?page_id=1428","title":{"rendered":"Portales"},"content":{"rendered":"\t\t<div data-elementor-type=\"wp-page\" data-elementor-id=\"1428\" class=\"elementor elementor-1428\">\n\t\t\t\t\t\t<section class=\"elementor-section elementor-top-section elementor-element elementor-element-d415d0c elementor-section-boxed elementor-section-height-default elementor-section-height-default\" data-id=\"d415d0c\" data-element_type=\"section\">\n\t\t\t\t\t\t<div class=\"elementor-container elementor-column-gap-default\">\n\t\t\t\t\t<div class=\"elementor-column elementor-col-50 elementor-top-column elementor-element elementor-element-81fb50e\" data-id=\"81fb50e\" data-element_type=\"column\">\n\t\t\t<div class=\"elementor-widget-wrap elementor-element-populated\">\n\t\t\t\t\t\t<div class=\"elementor-element elementor-element-68451e2 elementor-position-top elementor-widget elementor-widget-image-box\" data-id=\"68451e2\" data-element_type=\"widget\" data-widget_type=\"image-box.default\">\n\t\t\t\t<div class=\"elementor-widget-container\">\n\t\t\t\t\t<div class=\"elementor-image-box-wrapper\"><figure class=\"elementor-image-box-img\"><a href=\"https:\/\/www.geoportaligm.gob.ec\/portal\/index.php\/atlas-electronico-ambiental\/\" tabindex=\"-1\"><img fetchpriority=\"high\" decoding=\"async\" width=\"300\" height=\"300\" src=\"https:\/\/cajaherramientasea.ambiente.gob.ec\/wp-content\/uploads\/2025\/08\/ATLAS_AMBIENTAL-300x300-1.png\" class=\"attachment-full size-full wp-image-1429\" alt=\"\" srcset=\"https:\/\/cajaherramientasea.ambiente.gob.ec\/wp-content\/uploads\/2025\/08\/ATLAS_AMBIENTAL-300x300-1.png 300w, https:\/\/cajaherramientasea.ambiente.gob.ec\/wp-content\/uploads\/2025\/08\/ATLAS_AMBIENTAL-300x300-1-150x150.png 150w\" sizes=\"(max-width: 300px) 100vw, 300px\" \/><\/a><\/figure><div class=\"elementor-image-box-content\"><h3 class=\"elementor-image-box-title\"><a href=\"https:\/\/www.geoportaligm.gob.ec\/portal\/index.php\/atlas-electronico-ambiental\/\">Geoportal IGM<\/a><\/h3><p class=\"elementor-image-box-description\">Es un atlas electr\u00f3nico que integra, de manera sencilla los datos geogr\u00e1ficos, documentos, im\u00e1genes y estad\u00edsticas en forma de un atlas multimedia<\/p><\/div><\/div>\t\t\t\t<\/div>\n\t\t\t\t<\/div>\n\t\t\t\t\t<\/div>\n\t\t<\/div>\n\t\t\t\t<div class=\"elementor-column elementor-col-50 elementor-top-column elementor-element elementor-element-2237c39\" data-id=\"2237c39\" data-element_type=\"column\">\n\t\t\t<div class=\"elementor-widget-wrap elementor-element-populated\">\n\t\t\t\t\t\t<div class=\"elementor-element elementor-element-cbd6479 elementor-position-top elementor-widget elementor-widget-image-box\" data-id=\"cbd6479\" data-element_type=\"widget\" data-widget_type=\"image-box.default\">\n\t\t\t\t<div class=\"elementor-widget-container\">\n\t\t\t\t\t<div class=\"elementor-image-box-wrapper\"><figure class=\"elementor-image-box-img\"><a href=\"https:\/\/www.ecuadorencifras.gob.ec\/estadisticas\/\" tabindex=\"-1\"><img decoding=\"async\" width=\"288\" height=\"288\" src=\"https:\/\/cajaherramientasea.ambiente.gob.ec\/wp-content\/uploads\/2025\/08\/Diseno-sin-titulo-1.jpg\" class=\"attachment-full size-full wp-image-1966\" alt=\"\" srcset=\"https:\/\/cajaherramientasea.ambiente.gob.ec\/wp-content\/uploads\/2025\/08\/Diseno-sin-titulo-1.jpg 288w, https:\/\/cajaherramientasea.ambiente.gob.ec\/wp-content\/uploads\/2025\/08\/Diseno-sin-titulo-1-150x150.jpg 150w\" sizes=\"(max-width: 288px) 100vw, 288px\" \/><\/a><\/figure><div class=\"elementor-image-box-content\"><h3 class=\"elementor-image-box-title\"><a href=\"https:\/\/www.ecuadorencifras.gob.ec\/estadisticas\/\">Instituto Nacional de Estad\u00edstica y Censos (INEC)<\/a><\/h3><p class=\"elementor-image-box-description\">Es la entidad rectora de la estad\u00edstica nacional en Ecuador. Genera informaci\u00f3n confiable en \u00e1mbitos econ\u00f3micos, sociodemogr\u00e1ficos y ambientales, fundamental para la toma de decisiones en pol\u00edticas p\u00fablicas.<\/p><\/div><\/div>\t\t\t\t<\/div>\n\t\t\t\t<\/div>\n\t\t\t\t\t<\/div>\n\t\t<\/div>\n\t\t\t\t\t<\/div>\n\t\t<\/section>\n\t\t\t\t<section class=\"elementor-section elementor-top-section elementor-element elementor-element-a9e6667 elementor-section-boxed elementor-section-height-default elementor-section-height-default\" data-id=\"a9e6667\" data-element_type=\"section\">\n\t\t\t\t\t\t<div class=\"elementor-container elementor-column-gap-default\">\n\t\t\t\t\t<div class=\"elementor-column elementor-col-50 elementor-top-column elementor-element elementor-element-d485899\" data-id=\"d485899\" data-element_type=\"column\">\n\t\t\t<div class=\"elementor-widget-wrap elementor-element-populated\">\n\t\t\t\t\t\t<div class=\"elementor-element elementor-element-e9b92d8 elementor-position-top elementor-widget elementor-widget-image-box\" data-id=\"e9b92d8\" data-element_type=\"widget\" data-widget_type=\"image-box.default\">\n\t\t\t\t<div class=\"elementor-widget-container\">\n\t\t\t\t\t<div class=\"elementor-image-box-wrapper\"><figure class=\"elementor-image-box-img\"><a href=\"https:\/\/sinias.ambiente.gob.ec\/proyecto-sinias-web\/start.jsf\" tabindex=\"-1\"><img decoding=\"async\" width=\"242\" height=\"208\" src=\"https:\/\/cajaherramientasea.ambiente.gob.ec\/wp-content\/uploads\/2025\/08\/SINIAS.jpg\" class=\"attachment-full size-full wp-image-1967\" alt=\"\" \/><\/a><\/figure><div class=\"elementor-image-box-content\"><h3 class=\"elementor-image-box-title\"><a href=\"https:\/\/sinias.ambiente.gob.ec\/proyecto-sinias-web\/start.jsf\">Sistema Nacional de Indicadores Ambientales y Sostenibilidad (SINIAS)<\/a><\/h3><p class=\"elementor-image-box-description\">Sistema Nacional de Indicadores Ambientales y Sostenibilidad: centraliza estad\u00edsticas e indicadores ambientales, cuentas sat\u00e9lite ambientales, huella ecol\u00f3gica, mapas interactivos y publicaciones para la toma de decisiones<\/p><\/div><\/div>\t\t\t\t<\/div>\n\t\t\t\t<\/div>\n\t\t\t\t\t<\/div>\n\t\t<\/div>\n\t\t\t\t<div class=\"elementor-column elementor-col-50 elementor-top-column elementor-element elementor-element-f80a197\" data-id=\"f80a197\" data-element_type=\"column\">\n\t\t\t<div class=\"elementor-widget-wrap elementor-element-populated\">\n\t\t\t\t\t\t<div class=\"elementor-element elementor-element-8178000 elementor-position-top elementor-widget elementor-widget-image-box\" data-id=\"8178000\" data-element_type=\"widget\" data-widget_type=\"image-box.default\">\n\t\t\t\t<div class=\"elementor-widget-container\">\n\t\t\t\t\t<div class=\"elementor-image-box-wrapper\"><figure class=\"elementor-image-box-img\"><a href=\"https:\/\/recursos.educacion.gob.ec\/red\/bioteka\/\" tabindex=\"-1\"><img loading=\"lazy\" decoding=\"async\" width=\"288\" height=\"288\" src=\"https:\/\/cajaherramientasea.ambiente.gob.ec\/wp-content\/uploads\/2025\/08\/Copia-de-Diseno-sin-titulo.jpg\" class=\"attachment-full size-full wp-image-1968\" alt=\"\" srcset=\"https:\/\/cajaherramientasea.ambiente.gob.ec\/wp-content\/uploads\/2025\/08\/Copia-de-Diseno-sin-titulo.jpg 288w, https:\/\/cajaherramientasea.ambiente.gob.ec\/wp-content\/uploads\/2025\/08\/Copia-de-Diseno-sin-titulo-150x150.jpg 150w\" sizes=\"(max-width: 288px) 100vw, 288px\" \/><\/a><\/figure><div class=\"elementor-image-box-content\"><h3 class=\"elementor-image-box-title\"><a href=\"https:\/\/recursos.educacion.gob.ec\/red\/bioteka\/\">Bioteka<\/a><\/h3><p class=\"elementor-image-box-description\">Bioteka es una iniciativa del Ministerio de Educaci\u00f3n del Ecuador, dise\u00f1ada como un espacio digital para promover la educaci\u00f3n ambiental en el sistema educativo nacional. <\/p><\/div><\/div>\t\t\t\t<\/div>\n\t\t\t\t<\/div>\n\t\t\t\t\t<\/div>\n\t\t<\/div>\n\t\t\t\t\t<\/div>\n\t\t<\/section>\n\t\t\t\t<\/div>\n\t\t","protected":false},"excerpt":{"rendered":"<p>Geoportal IGM Es un atlas electr\u00f3nico que integra, de manera sencilla los datos geogr\u00e1ficos, documentos, im\u00e1genes y estad\u00edsticas en forma de un atlas multimedia Instituto Nacional de Estad\u00edstica y Censos (INEC) Es la entidad rectora de la estad\u00edstica nacional en Ecuador. Genera informaci\u00f3n confiable en \u00e1mbitos econ\u00f3micos, sociodemogr\u00e1ficos y ambientales, fundamental para la toma de&hellip;&nbsp;<a href=\"https:\/\/cajaherramientasea.ambiente.gob.ec\/?page_id=1428\" rel=\"bookmark\">Leer m\u00e1s &raquo;<span class=\"screen-reader-text\">Portales<\/span><\/a><\/p>\n","protected":false},"author":10,"featured_media":0,"parent":0,"menu_order":0,"comment_status":"closed","ping_status":"closed","template":"","meta":{"neve_meta_sidebar":"","neve_meta_container":"","neve_meta_enable_content_width":"","neve_meta_content_width":0,"neve_meta_title_alignment":"","neve_meta_author_avatar":"","neve_post_elements_order":"","neve_meta_disable_header":"","neve_meta_disable_footer":"","neve_meta_disable_title":"","footnotes":""},"class_list":["post-1428","page","type-page","status-publish","hentry"],"_links":{"self":[{"href":"https:\/\/cajaherramientasea.ambiente.gob.ec\/index.php?rest_route=\/wp\/v2\/pages\/1428","targetHints":{"allow":["GET"]}}],"collection":[{"href":"https:\/\/cajaherramientasea.ambiente.gob.ec\/index.php?rest_route=\/wp\/v2\/pages"}],"about":[{"href":"https:\/\/cajaherramientasea.ambiente.gob.ec\/index.php?rest_route=\/wp\/v2\/types\/page"}],"author":[{"embeddable":true,"href":"https:\/\/cajaherramientasea.ambiente.gob.ec\/index.php?rest_route=\/wp\/v2\/users\/10"}],"replies":[{"embeddable":true,"href":"https:\/\/cajaherramientasea.ambiente.gob.ec\/index.php?rest_route=%2Fwp%2Fv2%2Fcomments&post=1428"}],"version-history":[{"count":6,"href":"https:\/\/cajaherramientasea.ambiente.gob.ec\/index.php?rest_route=\/wp\/v2\/pages\/1428\/revisions"}],"predecessor-version":[{"id":1971,"href":"https:\/\/cajaherramientasea.ambiente.gob.ec\/index.php?rest_route=\/wp\/v2\/pages\/1428\/revisions\/1971"}],"wp:attachment":[{"href":"https:\/\/cajaherramientasea.ambiente.gob.ec\/index.php?rest_route=%2Fwp%2Fv2%2Fmedia&parent=1428"}],"curies":[{"name":"wp","href":"https:\/\/api.w.org\/{rel}","templated":true}]}}