{"id":1547,"date":"2025-08-12T15:53:22","date_gmt":"2025-08-12T20:53:22","guid":{"rendered":"https:\/\/cajaherramientasea.ambiente.gob.ec\/?page_id=1547"},"modified":"2025-08-18T11:25:01","modified_gmt":"2025-08-18T16:25:01","slug":"patrimonio-natural","status":"publish","type":"page","link":"https:\/\/cajaherramientasea.ambiente.gob.ec\/?page_id=1547","title":{"rendered":"Patrimonio Natural"},"content":{"rendered":"\t\t<div data-elementor-type=\"wp-page\" data-elementor-id=\"1547\" class=\"elementor elementor-1547\">\n\t\t\t\t\t\t<section class=\"elementor-section elementor-top-section elementor-element elementor-element-d6a2095 elementor-section-boxed elementor-section-height-default elementor-section-height-default\" data-id=\"d6a2095\" data-element_type=\"section\">\n\t\t\t\t\t\t<div class=\"elementor-container elementor-column-gap-default\">\n\t\t\t\t\t<div class=\"elementor-column elementor-col-100 elementor-top-column elementor-element elementor-element-b693adc\" data-id=\"b693adc\" data-element_type=\"column\">\n\t\t\t<div class=\"elementor-widget-wrap elementor-element-populated\">\n\t\t\t\t\t\t<div class=\"elementor-element elementor-element-2959369 elementor-widget elementor-widget-html\" data-id=\"2959369\" data-element_type=\"widget\" data-widget_type=\"html.default\">\n\t\t\t\t<div class=\"elementor-widget-container\">\n\t\t\t\t\t<article class=\"category-card\" >\r\n                    <!--\r\n                    <div class=\"card-image\">\r\n                        \r\n                        <div class=\"sinias-welcome\">\r\n                            <h2>Patrimonio Natural<\/h2>\r\n                        <\/div>\r\n                    -->\r\n                    <div class=\"elemento-img1\"><h2>Patrimonio Natural<\/h2><\/div>  \r\n                    <div class=\"card-content\">\r\n                    <br>\r\n                        \r\n                        <p>La educaci\u00f3n ambiental aporta a la conservaci\u00f3n del patrimonio natural del pa\u00eds, promoviendo el conocimiento, la valoraci\u00f3n y el cuidado de la biodiversidad, los bosques y las \u00e1reas protegidas. Tambi\u00e9n impulsa otras formas de conservaci\u00f3n y fomenta la bioeconom\u00eda como estrategia para un desarrollo sostenible y respetuoso con la naturaleza.<\/p>\r\n                        <p><b>Actividades Did\u00e1cticas sobre Patrimonio Natural<\/b><\/p>\r\n                        <ul class=\"card-topics\">\r\n                            <li><a href=\"https:\/\/www.biobanco.org\/index.php?x=\">\ud83d\udd17Biobanco<\/a><p>Sistema abierto de informaci\u00f3n sobre biodiversidad del pa\u00eds, con miles de registros taxon\u00f3micos, datos sobre especies (aceptadas, en revisi\u00f3n, en peligro, etc.) y colecciones hist\u00f3ricas. Ideal para explorar datos locales y cient\u00edficos.<\/p><\/li>\r\n                            <li><a href=\"https:\/\/inabio.biodiversidad.gob.ec\/\">\ud83d\udd17INABIO<\/a><p>Instituci\u00f3n nacional que impulsa investigaciones, colecciones biol\u00f3gicas y plataforma de ciencia ciudadana. Publica estudios cient\u00edficos sobre flora, fauna y hongos del pa\u00eds.<\/p><\/li>\r\n                            <li><a href=\"https:\/\/ecuador.inaturalist.org\/\">\ud83d\udd17iNaturalist Ecuador<\/a><p>Plataforma de ciencia ciudadana donde puedes registrar observaciones, interactuar con naturalistas y contribuir al conocimiento sobre biodiversidad en Ecuador. Respaldada por INABIO.<\/p><\/li>\r\n                            <li><a href=\"https:\/\/gbif.ambiente.gob.ec\/\">\ud83d\udd17GBIF Ecuador\u2013 Global Biodiversity Information Facility<\/a><p>Nodo local de GBIF en Ecuador que proporciona acceso abierto y gratuito a datos sobre especies, espec\u00edmenes digitalizados, listas de chequeo y proyectos nacionales como el Plan de Acci\u00f3n para la conservaci\u00f3n del jaguar.<\/p><\/li>\r\n                            <li><a href=\"https:\/\/www.oas.org\/es\/sedi\/dsd\/iabin\/default.asp\">\ud83d\udd17IABIN \u2013 Red Interamericana de Informaci\u00f3n sobre Biodiversidad (OEA)<\/a><p>Plataforma regional que promueve la colaboraci\u00f3n t\u00e9cnica entre pa\u00edses americanos para compartir y usar informaci\u00f3n cient\u00edfica actualizada destinada a la conservaci\u00f3n y al desarrollo sostenible.<\/p><\/li>\r\n                        <\/ul>\r\n                    <!-- \r\n                        <a href=\"#\" class=\"card-btn\">Explorar Art\u00edculos<\/a>\r\n                        -->\r\n                    <\/div>\r\n                <\/article>\t\t\t\t<\/div>\n\t\t\t\t<\/div>\n\t\t\t\t\t<\/div>\n\t\t<\/div>\n\t\t\t\t\t<\/div>\n\t\t<\/section>\n\t\t\t\t<\/div>\n\t\t","protected":false},"excerpt":{"rendered":"<p>Patrimonio Natural La educaci\u00f3n ambiental aporta a la conservaci\u00f3n del patrimonio natural del pa\u00eds, promoviendo el conocimiento, la valoraci\u00f3n y el cuidado de la biodiversidad, los bosques y las \u00e1reas protegidas. Tambi\u00e9n impulsa otras formas de conservaci\u00f3n y fomenta la bioeconom\u00eda como estrategia para un desarrollo sostenible y respetuoso con la naturaleza. Actividades Did\u00e1cticas sobre&hellip;&nbsp;<a href=\"https:\/\/cajaherramientasea.ambiente.gob.ec\/?page_id=1547\" rel=\"bookmark\">Leer m\u00e1s &raquo;<span class=\"screen-reader-text\">Patrimonio Natural<\/span><\/a><\/p>\n","protected":false},"author":10,"featured_media":0,"parent":0,"menu_order":0,"comment_status":"closed","ping_status":"closed","template":"page-templates\/template-pagebuilder-full-width.php","meta":{"neve_meta_sidebar":"","neve_meta_container":"","neve_meta_enable_content_width":"","neve_meta_content_width":0,"neve_meta_title_alignment":"","neve_meta_author_avatar":"","neve_post_elements_order":"","neve_meta_disable_header":"","neve_meta_disable_footer":"","neve_meta_disable_title":"","footnotes":""},"class_list":["post-1547","page","type-page","status-publish","hentry"],"_links":{"self":[{"href":"https:\/\/cajaherramientasea.ambiente.gob.ec\/index.php?rest_route=\/wp\/v2\/pages\/1547","targetHints":{"allow":["GET"]}}],"collection":[{"href":"https:\/\/cajaherramientasea.ambiente.gob.ec\/index.php?rest_route=\/wp\/v2\/pages"}],"about":[{"href":"https:\/\/cajaherramientasea.ambiente.gob.ec\/index.php?rest_route=\/wp\/v2\/types\/page"}],"author":[{"embeddable":true,"href":"https:\/\/cajaherramientasea.ambiente.gob.ec\/index.php?rest_route=\/wp\/v2\/users\/10"}],"replies":[{"embeddable":true,"href":"https:\/\/cajaherramientasea.ambiente.gob.ec\/index.php?rest_route=%2Fwp%2Fv2%2Fcomments&post=1547"}],"version-history":[{"count":12,"href":"https:\/\/cajaherramientasea.ambiente.gob.ec\/index.php?rest_route=\/wp\/v2\/pages\/1547\/revisions"}],"predecessor-version":[{"id":1888,"href":"https:\/\/cajaherramientasea.ambiente.gob.ec\/index.php?rest_route=\/wp\/v2\/pages\/1547\/revisions\/1888"}],"wp:attachment":[{"href":"https:\/\/cajaherramientasea.ambiente.gob.ec\/index.php?rest_route=%2Fwp%2Fv2%2Fmedia&parent=1547"}],"curies":[{"name":"wp","href":"https:\/\/api.w.org\/{rel}","templated":true}]}}