{"id":1690,"date":"2025-08-13T09:31:19","date_gmt":"2025-08-13T14:31:19","guid":{"rendered":"https:\/\/cajaherramientasea.ambiente.gob.ec\/?page_id=1690"},"modified":"2025-08-13T09:32:19","modified_gmt":"2025-08-13T14:32:19","slug":"planes-programas-proyectos-y-actividades-de-sensibilizacion-2-2-3-2-2-2-2-2","status":"publish","type":"page","link":"https:\/\/cajaherramientasea.ambiente.gob.ec\/?page_id=1690","title":{"rendered":"Planes, Programas, Proyectos y actividades de sensibilizaci\u00f3n"},"content":{"rendered":"\t\t<div data-elementor-type=\"wp-page\" data-elementor-id=\"1690\" class=\"elementor elementor-1690\">\n\t\t\t\t\t\t<section class=\"elementor-section elementor-top-section elementor-element elementor-element-7d4421b elementor-section-boxed elementor-section-height-default elementor-section-height-default\" data-id=\"7d4421b\" data-element_type=\"section\">\n\t\t\t\t\t\t<div class=\"elementor-container elementor-column-gap-default\">\n\t\t\t\t\t<div class=\"elementor-column elementor-col-100 elementor-top-column elementor-element elementor-element-4bf34c8\" data-id=\"4bf34c8\" data-element_type=\"column\">\n\t\t\t<div class=\"elementor-widget-wrap elementor-element-populated\">\n\t\t\t\t\t\t<div class=\"elementor-element elementor-element-8758c0f elementor-widget elementor-widget-spacer\" data-id=\"8758c0f\" data-element_type=\"widget\" data-widget_type=\"spacer.default\">\n\t\t\t\t<div class=\"elementor-widget-container\">\n\t\t\t\t\t\t\t<div class=\"elementor-spacer\">\n\t\t\t<div class=\"elementor-spacer-inner\"><\/div>\n\t\t<\/div>\n\t\t\t\t\t\t<\/div>\n\t\t\t\t<\/div>\n\t\t\t\t\t<\/div>\n\t\t<\/div>\n\t\t\t\t\t<\/div>\n\t\t<\/section>\n\t\t\t\t<section class=\"elementor-section elementor-top-section elementor-element elementor-element-a67071c elementor-section-boxed elementor-section-height-default elementor-section-height-default\" data-id=\"a67071c\" data-element_type=\"section\">\n\t\t\t\t\t\t<div class=\"elementor-container elementor-column-gap-default\">\n\t\t\t\t\t<div class=\"elementor-column elementor-col-100 elementor-top-column elementor-element elementor-element-4703b82\" data-id=\"4703b82\" data-element_type=\"column\">\n\t\t\t<div class=\"elementor-widget-wrap elementor-element-populated\">\n\t\t\t\t\t\t<div class=\"elementor-element elementor-element-ccfe2f3 elementor-widget elementor-widget-heading\" data-id=\"ccfe2f3\" data-element_type=\"widget\" data-widget_type=\"heading.default\">\n\t\t\t\t<div class=\"elementor-widget-container\">\n\t\t\t\t\t<h2 class=\"elementor-heading-title elementor-size-default\">Planes, Programas, Proyectos y actividades de sensibilizaci\u00f3n<\/h2>\t\t\t\t<\/div>\n\t\t\t\t<\/div>\n\t\t\t\t\t<\/div>\n\t\t<\/div>\n\t\t\t\t\t<\/div>\n\t\t<\/section>\n\t\t\t\t<section class=\"elementor-section elementor-top-section elementor-element elementor-element-8c190c2 elementor-section-boxed elementor-section-height-default elementor-section-height-default\" data-id=\"8c190c2\" data-element_type=\"section\">\n\t\t\t\t\t\t<div class=\"elementor-container elementor-column-gap-default\">\n\t\t\t\t\t<div class=\"elementor-column elementor-col-100 elementor-top-column elementor-element elementor-element-11c5126\" data-id=\"11c5126\" data-element_type=\"column\">\n\t\t\t<div class=\"elementor-widget-wrap elementor-element-populated\">\n\t\t\t\t\t\t<div class=\"elementor-element elementor-element-8acf657 elementor-widget elementor-widget-wpdmpackages\" data-id=\"8acf657\" data-element_type=\"widget\" data-widget_type=\"wpdmpackages.default\">\n\t\t\t\t<div class=\"elementor-widget-container\">\n\t\t\t\t\t<div class='w3eden'>\n    <div class=''>\n\n        <form method=\"get\" class=\"__wpdm_submit_async\" data-container=\"#content_wpdm_package_1\" id=\"sc_form_wpdm_package_1\" style=\"margin-bottom: 15px\">\n    \n            <div class=\"card panel panel-default wpdm-shortcode-toolbar\">\n                <div class=\"card-body panel-body\">\n                    <div class=\"row\">\n                        <div class=\"col-lg-6 col-md-12\">\n                            <input type=\"search\" name=\"skw\" value=\"\" placeholder=\"Buscar palabra clave\u2026\" class=\"form-control\" \/>\n                        <\/div>\n                        <div class=\"col-lg-2 col-md-4\">\n                            <select name=\"orderby\" class=\"wpdm-custom-select custom-select\">\n                                <option value=\"date\" disabled=\"disabled\">Ordenar por:<\/option>\n                                <option value=\"date\" >Fecha de publicaci\u00f3n<\/option>\n                                <option value=\"title\" >T\u00edtulo<\/option>\n                                <option value=\"update_date\" >Fecha de actualizaci\u00f3n<\/option>\n                                <option value=\"downloads\" >Descargas<\/option>\n                                <option value=\"views\" >Visitas<\/option>\n                            <\/select>\n                        <\/div>\n                        <div class=\"col-lg-2 col-md-4\">\n                            <select name=\"order\" class=\"wpdm-custom-select custom-select\">\n                                <option value=\"desc\" disabled=\"disabled\">Orden:<\/option>\n                                <option value=\"desc\" >Descendente<\/option>\n                                <option value=\"asc\" >Ascendente<\/option>\n                            <\/select>\n                        <\/div>\n                        <div class=\"col-lg-2 col-md-4\">\n                            <button type=\"submit\" class=\"btn btn-info btn-block\">Aplicar el filtro<\/button>\n                        <\/div>\n                    <\/div>\n                <\/div>\n            <\/div>\n\n            <\/form>\n<div class=\"spacer mb-3 d-block clearfix\"><\/div>\n\n        <div id=\"content_wpdm_package_1\">\n            <div class='row'><div class='col-lg-4 col-md-6 col-12'><!-- WPDM Link Template: Default Template -->\n\n<div class=\"link-template-default card mb-2\">\n    <div class=\"card-body\">\n        <div class=\"media\">\n            <div class=\"mr-3 img-48\"><img decoding=\"async\" class=\"wpdm_icon\" alt=\"Icono\"   src=\"https:\/\/cajaherramientasea.ambiente.gob.ec\/wp-content\/plugins\/download-manager\/assets\/file-type-icons\/pdf.svg\" \/><\/div>\n            <div class=\"media-body\">\n                <h3 class=\"package-title\"><a href='https:\/\/cajaherramientasea.ambiente.gob.ec\/?wpdmpro=3rs-uce1'>3Rs-UCE1<\/a><\/h3>\n                <div class=\"text-muted text-small\"><i class=\"fas fa-copy\"><\/i> 1 archivo(s) <i class=\"fas fa-hdd ml-3\"><\/i> 2.34 MB<\/div>\n            <\/div>\n            <div class=\"ml-3\">\n                <a class='wpdm-download-link download-on-click btn btn-primary ' rel='nofollow' href='#' data-downloadurl=\"https:\/\/cajaherramientasea.ambiente.gob.ec\/?wpdmpro=3rs-uce1&wpdmdl=852&refresh=69d71969d072b1775704425\">Descargar<\/a>\n            <\/div>\n        <\/div>\n    <\/div>\n<\/div>\n\n<\/div><div class='col-lg-4 col-md-6 col-12'><!-- WPDM Link Template: Default Template -->\n\n<div class=\"link-template-default card mb-2\">\n    <div class=\"card-body\">\n        <div class=\"media\">\n            <div class=\"mr-3 img-48\"><img decoding=\"async\" class=\"wpdm_icon\" alt=\"Icono\"   src=\"https:\/\/cajaherramientasea.ambiente.gob.ec\/wp-content\/plugins\/download-manager\/assets\/file-type-icons\/pdf.svg\" \/><\/div>\n            <div class=\"media-body\">\n                <h3 class=\"package-title\"><a href='https:\/\/cajaherramientasea.ambiente.gob.ec\/?wpdmpro=capacitacion-a-comunidades-sobre-ea'>Capacitaci\u00f3n a  comunidades sobre EA<\/a><\/h3>\n                <div class=\"text-muted text-small\"><i class=\"fas fa-copy\"><\/i> 1 archivo(s) <i class=\"fas fa-hdd ml-3\"><\/i> 3.11 MB<\/div>\n            <\/div>\n            <div class=\"ml-3\">\n                <a class='wpdm-download-link download-on-click btn btn-primary ' rel='nofollow' href='#' data-downloadurl=\"https:\/\/cajaherramientasea.ambiente.gob.ec\/?wpdmpro=capacitacion-a-comunidades-sobre-ea&wpdmdl=851&refresh=69d71969d22261775704425\">Descargar<\/a>\n            <\/div>\n        <\/div>\n    <\/div>\n<\/div>\n\n<\/div><div class='col-lg-4 col-md-6 col-12'><!-- WPDM Link Template: Default Template -->\n\n<div class=\"link-template-default card mb-2\">\n    <div class=\"card-body\">\n        <div class=\"media\">\n            <div class=\"mr-3 img-48\"><img decoding=\"async\" class=\"wpdm_icon\" alt=\"Icono\"   src=\"https:\/\/cajaherramientasea.ambiente.gob.ec\/wp-content\/plugins\/download-manager\/assets\/file-type-icons\/pdf.svg\" \/><\/div>\n            <div class=\"media-body\">\n                <h3 class=\"package-title\"><a href='https:\/\/cajaherramientasea.ambiente.gob.ec\/?wpdmpro=escuela-militar-bpa1'>Escuela militar - BPA1<\/a><\/h3>\n                <div class=\"text-muted text-small\"><i class=\"fas fa-copy\"><\/i> 1 archivo(s) <i class=\"fas fa-hdd ml-3\"><\/i> 3.13 MB<\/div>\n            <\/div>\n            <div class=\"ml-3\">\n                <a class='wpdm-download-link download-on-click btn btn-primary ' rel='nofollow' href='#' data-downloadurl=\"https:\/\/cajaherramientasea.ambiente.gob.ec\/?wpdmpro=escuela-militar-bpa1&wpdmdl=849&refresh=69d71969d361b1775704425\">Descargar<\/a>\n            <\/div>\n        <\/div>\n    <\/div>\n<\/div>\n\n<\/div><div class='col-lg-4 col-md-6 col-12'><!-- WPDM Link Template: Default Template -->\n\n<div class=\"link-template-default card mb-2\">\n    <div class=\"card-body\">\n        <div class=\"media\">\n            <div class=\"mr-3 img-48\"><img decoding=\"async\" class=\"wpdm_icon\" alt=\"Icono\"   src=\"https:\/\/cajaherramientasea.ambiente.gob.ec\/wp-content\/plugins\/download-manager\/assets\/file-type-icons\/box_download.png\" \/><\/div>\n            <div class=\"media-body\">\n                <h3 class=\"package-title\"><a href='https:\/\/cajaherramientasea.ambiente.gob.ec\/?wpdmpro=presentacion_sesibilizacion_biodiversidad_movistar'>Presentaci\u00f3n sesibilizaci\u00f3n biodiversidad Movistar<\/a><\/h3>\n                <div class=\"text-muted text-small\"><i class=\"fas fa-copy\"><\/i> 1 archivo(s) <i class=\"fas fa-hdd ml-3\"><\/i> 3.69 MB<\/div>\n            <\/div>\n            <div class=\"ml-3\">\n                <a class='wpdm-download-link download-on-click btn btn-primary ' rel='nofollow' href='#' data-downloadurl=\"https:\/\/cajaherramientasea.ambiente.gob.ec\/?wpdmpro=presentacion_sesibilizacion_biodiversidad_movistar&wpdmdl=848&refresh=69d71969d49f21775704425\">Descargar<\/a>\n            <\/div>\n        <\/div>\n    <\/div>\n<\/div>\n\n<\/div><div class='col-lg-4 col-md-6 col-12'><!-- WPDM Link Template: Default Template -->\n\n<div class=\"link-template-default card mb-2\">\n    <div class=\"card-body\">\n        <div class=\"media\">\n            <div class=\"mr-3 img-48\"><img decoding=\"async\" class=\"wpdm_icon\" alt=\"Icono\"   src=\"https:\/\/cajaherramientasea.ambiente.gob.ec\/wp-content\/plugins\/download-manager\/assets\/file-type-icons\/box_download.png\" \/><\/div>\n            <div class=\"media-body\">\n                <h3 class=\"package-title\"><a href='https:\/\/cajaherramientasea.ambiente.gob.ec\/?wpdmpro=presidencia-sensibilizacion-bpa1'>Presidencia-Sensibilizaci\u00f3n BPA1<\/a><\/h3>\n                <div class=\"text-muted text-small\"><i class=\"fas fa-copy\"><\/i> 1 archivo(s) <i class=\"fas fa-hdd ml-3\"><\/i> 1.96 MB<\/div>\n            <\/div>\n            <div class=\"ml-3\">\n                <a class='wpdm-download-link download-on-click btn btn-primary ' rel='nofollow' href='#' data-downloadurl=\"https:\/\/cajaherramientasea.ambiente.gob.ec\/?wpdmpro=presidencia-sensibilizacion-bpa1&wpdmdl=847&refresh=69d71969d5d871775704425\">Descargar<\/a>\n            <\/div>\n        <\/div>\n    <\/div>\n<\/div>\n\n<\/div><div class='col-lg-4 col-md-6 col-12'><!-- WPDM Link Template: Default Template -->\n\n<div class=\"link-template-default card mb-2\">\n    <div class=\"card-body\">\n        <div class=\"media\">\n            <div class=\"mr-3 img-48\"><img decoding=\"async\" class=\"wpdm_icon\" alt=\"Icono\"   src=\"https:\/\/cajaherramientasea.ambiente.gob.ec\/wp-content\/plugins\/download-manager\/assets\/file-type-icons\/box_download.png\" \/><\/div>\n            <div class=\"media-body\">\n                <h3 class=\"package-title\"><a href='https:\/\/cajaherramientasea.ambiente.gob.ec\/?wpdmpro=sppat-capacitacion-bpa1'>SPPAT-capacitacion BPA1<\/a><\/h3>\n                <div class=\"text-muted text-small\"><i class=\"fas fa-copy\"><\/i> 1 archivo(s) <i class=\"fas fa-hdd ml-3\"><\/i> 2.43 MB<\/div>\n            <\/div>\n            <div class=\"ml-3\">\n                <a class='wpdm-download-link download-on-click btn btn-primary ' rel='nofollow' href='#' data-downloadurl=\"https:\/\/cajaherramientasea.ambiente.gob.ec\/?wpdmpro=sppat-capacitacion-bpa1&wpdmdl=846&refresh=69d71969d71b11775704425\">Descargar<\/a>\n            <\/div>\n        <\/div>\n    <\/div>\n<\/div>\n\n<\/div><div class='col-lg-4 col-md-6 col-12'><!-- WPDM Link Template: Default Template -->\n\n<div class=\"link-template-default card mb-2\">\n    <div class=\"card-body\">\n        <div class=\"media\">\n            <div class=\"mr-3 img-48\"><img decoding=\"async\" class=\"wpdm_icon\" alt=\"Icono\"   src=\"https:\/\/cajaherramientasea.ambiente.gob.ec\/wp-content\/plugins\/download-manager\/assets\/file-type-icons\/box_download.png\" \/><\/div>\n            <div class=\"media-body\">\n                <h3 class=\"package-title\"><a href='https:\/\/cajaherramientasea.ambiente.gob.ec\/?wpdmpro=1-pai-dia1'>1.PAI-DIA1<\/a><\/h3>\n                <div class=\"text-muted text-small\"><i class=\"fas fa-copy\"><\/i> 1 archivo(s) <i class=\"fas fa-hdd ml-3\"><\/i> 1.76 MB<\/div>\n            <\/div>\n            <div class=\"ml-3\">\n                <a class='wpdm-download-link download-on-click btn btn-primary ' rel='nofollow' href='#' data-downloadurl=\"https:\/\/cajaherramientasea.ambiente.gob.ec\/?wpdmpro=1-pai-dia1&wpdmdl=845&refresh=69d71969d85221775704425\">Descargar<\/a>\n            <\/div>\n        <\/div>\n    <\/div>\n<\/div>\n\n<\/div><div class='col-lg-4 col-md-6 col-12'><!-- WPDM Link Template: Default Template -->\n\n<div class=\"link-template-default card mb-2\">\n    <div class=\"card-body\">\n        <div class=\"media\">\n            <div class=\"mr-3 img-48\"><img decoding=\"async\" class=\"wpdm_icon\" alt=\"Icono\"   src=\"https:\/\/cajaherramientasea.ambiente.gob.ec\/wp-content\/plugins\/download-manager\/assets\/file-type-icons\/box_download.png\" \/><\/div>\n            <div class=\"media-body\">\n                <h3 class=\"package-title\"><a href='https:\/\/cajaherramientasea.ambiente.gob.ec\/?wpdmpro=2-pai_dia-2_v2021'>2. PAI_D\u00cdA 2_V2021<\/a><\/h3>\n                <div class=\"text-muted text-small\"><i class=\"fas fa-copy\"><\/i> 1 archivo(s) <i class=\"fas fa-hdd ml-3\"><\/i> 1.68 MB<\/div>\n            <\/div>\n            <div class=\"ml-3\">\n                <a class='wpdm-download-link download-on-click btn btn-primary ' rel='nofollow' href='#' data-downloadurl=\"https:\/\/cajaherramientasea.ambiente.gob.ec\/?wpdmpro=2-pai_dia-2_v2021&wpdmdl=844&refresh=69d71969d999d1775704425\">Descargar<\/a>\n            <\/div>\n        <\/div>\n    <\/div>\n<\/div>\n\n<\/div><div class='col-lg-4 col-md-6 col-12'><!-- WPDM Link Template: Default Template -->\n\n<div class=\"link-template-default card mb-2\">\n    <div class=\"card-body\">\n        <div class=\"media\">\n            <div class=\"mr-3 img-48\"><img decoding=\"async\" class=\"wpdm_icon\" alt=\"Icono\"   src=\"https:\/\/cajaherramientasea.ambiente.gob.ec\/wp-content\/plugins\/download-manager\/assets\/file-type-icons\/box_download.png\" \/><\/div>\n            <div class=\"media-body\">\n                <h3 class=\"package-title\"><a href='https:\/\/cajaherramientasea.ambiente.gob.ec\/?wpdmpro=3-pai_dia-3_v2021'>3. PAI_D\u00cdA 3_V2021<\/a><\/h3>\n                <div class=\"text-muted text-small\"><i class=\"fas fa-copy\"><\/i> 1 archivo(s) <i class=\"fas fa-hdd ml-3\"><\/i> 979.42 KB<\/div>\n            <\/div>\n            <div class=\"ml-3\">\n                <a class='wpdm-download-link download-on-click btn btn-primary ' rel='nofollow' href='#' data-downloadurl=\"https:\/\/cajaherramientasea.ambiente.gob.ec\/?wpdmpro=3-pai_dia-3_v2021&wpdmdl=843&refresh=69d71969dafc41775704425\">Descargar<\/a>\n            <\/div>\n        <\/div>\n    <\/div>\n<\/div>\n\n<\/div><div class='col-lg-4 col-md-6 col-12'><!-- WPDM Link Template: Default Template -->\n\n<div class=\"link-template-default card mb-2\">\n    <div class=\"card-body\">\n        <div class=\"media\">\n            <div class=\"mr-3 img-48\"><img decoding=\"async\" class=\"wpdm_icon\" alt=\"Icono\"   src=\"https:\/\/cajaherramientasea.ambiente.gob.ec\/wp-content\/plugins\/download-manager\/assets\/file-type-icons\/box_download.png\" \/><\/div>\n            <div class=\"media-body\">\n                <h3 class=\"package-title\"><a href='https:\/\/cajaherramientasea.ambiente.gob.ec\/?wpdmpro=guia-metodologica-pai'>Guia Metodologica PAI<\/a><\/h3>\n                <div class=\"text-muted text-small\"><i class=\"fas fa-copy\"><\/i> 1 archivo(s) <i class=\"fas fa-hdd ml-3\"><\/i> 2.30 MB<\/div>\n            <\/div>\n            <div class=\"ml-3\">\n                <a class='wpdm-download-link download-on-click btn btn-primary ' rel='nofollow' href='#' data-downloadurl=\"https:\/\/cajaherramientasea.ambiente.gob.ec\/?wpdmpro=guia-metodologica-pai&wpdmdl=842&refresh=69d71969dc4eb1775704425\">Descargar<\/a>\n            <\/div>\n        <\/div>\n    <\/div>\n<\/div>\n\n<\/div><\/div>            <div style='clear:both'><\/div><div class='text-center'><ul class='pagination wpdm-pagination pagination-centered text-center async'><li><span aria-current=\"page\" class=\"page-numbers current\">1<\/span><\/li><li><a data-container='#content_wpdm_package_1' class=\"page-numbers\" href=\"https:\/\/cajaherramientasea.ambiente.gob.ec\/index.php\/?cp=2&#038;rest_route=%2Fwp%2Fv2%2Fpages%2F1690\">2<\/a><\/li><li><a data-container='#content_wpdm_package_1' class=\"page-numbers\" href=\"https:\/\/cajaherramientasea.ambiente.gob.ec\/index.php\/?cp=3&#038;rest_route=%2Fwp%2Fv2%2Fpages%2F1690\">3<\/a><\/li><li><a data-container='#content_wpdm_package_1' class=\"page-numbers\" href=\"https:\/\/cajaherramientasea.ambiente.gob.ec\/index.php\/?cp=4&#038;rest_route=%2Fwp%2Fv2%2Fpages%2F1690\">4<\/a><\/li><li><a data-container='#content_wpdm_package_1' class=\"next page-numbers\" href=\"https:\/\/cajaherramientasea.ambiente.gob.ec\/index.php\/?cp=2&#038;rest_route=%2Fwp%2Fv2%2Fpages%2F1690\"> <i style=\"display: inline-block;width: 8px;height: 8px;border-right: 2px solid;border-top: 2px solid;transform: rotate(45deg);margin-left: -2px;margin-top: -2px;\"><\/i> <\/a><\/li><\/ul><\/div><div style='clear:both'><\/div>        <\/div>\n\n        <div style='clear:both'><\/div>\n    <\/div>\n<\/div>\n\t\t\t\t<\/div>\n\t\t\t\t<\/div>\n\t\t\t\t\t<\/div>\n\t\t<\/div>\n\t\t\t\t\t<\/div>\n\t\t<\/section>\n\t\t\t\t<\/div>\n\t\t","protected":false},"excerpt":{"rendered":"<p>Planes, Programas, Proyectos y actividades de sensibilizaci\u00f3n Ordenar por:Fecha de publicaci\u00f3nT\u00edtuloFecha de actualizaci\u00f3nDescargasVisitas Orden:DescendenteAscendente Aplicar el filtro 3Rs-UCE1 1 archivo(s) 2.34 MB Descargar Capacitaci\u00f3n a comunidades sobre EA 1 archivo(s) 3.11 MB Descargar Escuela militar &#8211; BPA1 1 archivo(s) 3.13 MB Descargar Presentaci\u00f3n sesibilizaci\u00f3n biodiversidad Movistar 1 archivo(s) 3.69 MB Descargar Presidencia-Sensibilizaci\u00f3n BPA1 1 archivo(s)&hellip;&nbsp;<a href=\"https:\/\/cajaherramientasea.ambiente.gob.ec\/?page_id=1690\" rel=\"bookmark\">Leer m\u00e1s &raquo;<span class=\"screen-reader-text\">Planes, Programas, Proyectos y actividades de sensibilizaci\u00f3n<\/span><\/a><\/p>\n","protected":false},"author":10,"featured_media":0,"parent":0,"menu_order":0,"comment_status":"closed","ping_status":"closed","template":"page-templates\/template-pagebuilder-full-width.php","meta":{"neve_meta_sidebar":"","neve_meta_container":"","neve_meta_enable_content_width":"","neve_meta_content_width":0,"neve_meta_title_alignment":"","neve_meta_author_avatar":"","neve_post_elements_order":"","neve_meta_disable_header":"","neve_meta_disable_footer":"","neve_meta_disable_title":"","footnotes":""},"class_list":["post-1690","page","type-page","status-publish","hentry"],"_links":{"self":[{"href":"https:\/\/cajaherramientasea.ambiente.gob.ec\/index.php?rest_route=\/wp\/v2\/pages\/1690","targetHints":{"allow":["GET"]}}],"collection":[{"href":"https:\/\/cajaherramientasea.ambiente.gob.ec\/index.php?rest_route=\/wp\/v2\/pages"}],"about":[{"href":"https:\/\/cajaherramientasea.ambiente.gob.ec\/index.php?rest_route=\/wp\/v2\/types\/page"}],"author":[{"embeddable":true,"href":"https:\/\/cajaherramientasea.ambiente.gob.ec\/index.php?rest_route=\/wp\/v2\/users\/10"}],"replies":[{"embeddable":true,"href":"https:\/\/cajaherramientasea.ambiente.gob.ec\/index.php?rest_route=%2Fwp%2Fv2%2Fcomments&post=1690"}],"version-history":[{"count":3,"href":"https:\/\/cajaherramientasea.ambiente.gob.ec\/index.php?rest_route=\/wp\/v2\/pages\/1690\/revisions"}],"predecessor-version":[{"id":1694,"href":"https:\/\/cajaherramientasea.ambiente.gob.ec\/index.php?rest_route=\/wp\/v2\/pages\/1690\/revisions\/1694"}],"wp:attachment":[{"href":"https:\/\/cajaherramientasea.ambiente.gob.ec\/index.php?rest_route=%2Fwp%2Fv2%2Fmedia&parent=1690"}],"curies":[{"name":"wp","href":"https:\/\/api.w.org\/{rel}","templated":true}]}}