{"id":546,"date":"2021-10-07T09:16:50","date_gmt":"2021-10-07T14:16:50","guid":{"rendered":"http:\/\/172.16.0.171\/?page_id=546"},"modified":"2025-08-19T12:39:14","modified_gmt":"2025-08-19T17:39:14","slug":"bienvenidos","status":"publish","type":"page","link":"https:\/\/cajaherramientasea.ambiente.gob.ec\/","title":{"rendered":"Inicio"},"content":{"rendered":"\t\t<div data-elementor-type=\"wp-page\" data-elementor-id=\"546\" class=\"elementor elementor-546\">\n\t\t\t\t\t\t<section class=\"elementor-section elementor-top-section elementor-element elementor-element-32c7648 elementor-section-boxed elementor-section-height-default elementor-section-height-default\" data-id=\"32c7648\" data-element_type=\"section\">\n\t\t\t\t\t\t<div class=\"elementor-container elementor-column-gap-default\">\n\t\t\t\t\t<div class=\"elementor-column elementor-col-100 elementor-top-column elementor-element elementor-element-dd8e62e\" data-id=\"dd8e62e\" data-element_type=\"column\">\n\t\t\t<div class=\"elementor-widget-wrap elementor-element-populated\">\n\t\t\t\t\t\t<div class=\"elementor-element elementor-element-b879b6e elementor-widget elementor-widget-html\" data-id=\"b879b6e\" data-element_type=\"widget\" data-widget_type=\"html.default\">\n\t\t\t\t<div class=\"elementor-widget-container\">\n\t\t\t\t\t<!-- Contenedor principal -->\r\n<div class=\"sinias-container\">\r\n  <!-- Secci\u00f3n de bienvenida -->\r\n  <section class=\"sinias-welcome\">\r\n    <h1>Bienvenido<\/h1>\r\n    <p>Accede a informaci\u00f3n ambiental actualizada y herramientas para la sostenibilidad.<\/p>\r\n  <\/section>\r\n\r\n  <!-- Men\u00fa de navegaci\u00f3n -->\r\n  <nav class=\"sinias-nav\">\r\n    <ul>\r\n      <li><a href=\"https:\/\/cajaherramientasea.ambiente.gob.ec\/?page_id=1547\">Patrimonio Natural<\/a><\/li>\r\n      <li><a href=\"https:\/\/cajaherramientasea.ambiente.gob.ec\/?page_id=599\">Cambio Clim\u00e1tico<\/a><\/li>\r\n      <li><a href=\"https:\/\/cajaherramientasea.ambiente.gob.ec\/?page_id=611\">Calidad Ambiental<\/a><\/li>\r\n      <li><a href=\"https:\/\/cajaherramientasea.ambiente.gob.ec\/?page_id=619\">Agua y Oc\u00e9ano<\/a><\/li>\r\n      <li><a href=\"#\">Noticias<\/a><\/li>\r\n      \r\n    <\/ul>\r\n  <\/nav>\r\n\r\n  <!-- Informaci\u00f3n adicional -->\r\n  <section class=\"sinias-info\">\r\n    <h2>Informaci\u00f3n General<\/h2>\r\n    <p>Conoce m\u00e1s sobre el cuidado de los ecosistemas, la protecci\u00f3n del agua, la calidad ambiental y el cambio clim\u00e1tico como ejes clave de la sostenibilidad ambiental.<\/p>\r\n  <\/section>\r\n<\/div>\r\n\t\t\t\t<\/div>\n\t\t\t\t<\/div>\n\t\t\t\t\t<\/div>\n\t\t<\/div>\n\t\t\t\t\t<\/div>\n\t\t<\/section>\n\t\t\t\t<\/div>\n\t\t","protected":false},"excerpt":{"rendered":"<p>Bienvenido Accede a informaci\u00f3n ambiental actualizada y herramientas para la sostenibilidad. Patrimonio Natural Cambio Clim\u00e1tico Calidad Ambiental Agua y Oc\u00e9ano Noticias Informaci\u00f3n General Conoce m\u00e1s sobre el cuidado de los ecosistemas, la protecci\u00f3n del agua, la calidad ambiental y el cambio clim\u00e1tico como ejes clave de la sostenibilidad ambiental.<\/p>\n","protected":false},"author":1,"featured_media":0,"parent":0,"menu_order":0,"comment_status":"closed","ping_status":"closed","template":"page-templates\/template-pagebuilder-full-width.php","meta":{"neve_meta_sidebar":"","neve_meta_container":"","neve_meta_enable_content_width":"","neve_meta_content_width":0,"neve_meta_title_alignment":"","neve_meta_author_avatar":"","neve_post_elements_order":"","neve_meta_disable_header":"","neve_meta_disable_footer":"","neve_meta_disable_title":"","footnotes":""},"class_list":["post-546","page","type-page","status-publish","hentry"],"_links":{"self":[{"href":"https:\/\/cajaherramientasea.ambiente.gob.ec\/index.php?rest_route=\/wp\/v2\/pages\/546","targetHints":{"allow":["GET"]}}],"collection":[{"href":"https:\/\/cajaherramientasea.ambiente.gob.ec\/index.php?rest_route=\/wp\/v2\/pages"}],"about":[{"href":"https:\/\/cajaherramientasea.ambiente.gob.ec\/index.php?rest_route=\/wp\/v2\/types\/page"}],"author":[{"embeddable":true,"href":"https:\/\/cajaherramientasea.ambiente.gob.ec\/index.php?rest_route=\/wp\/v2\/users\/1"}],"replies":[{"embeddable":true,"href":"https:\/\/cajaherramientasea.ambiente.gob.ec\/index.php?rest_route=%2Fwp%2Fv2%2Fcomments&post=546"}],"version-history":[{"count":44,"href":"https:\/\/cajaherramientasea.ambiente.gob.ec\/index.php?rest_route=\/wp\/v2\/pages\/546\/revisions"}],"predecessor-version":[{"id":1977,"href":"https:\/\/cajaherramientasea.ambiente.gob.ec\/index.php?rest_route=\/wp\/v2\/pages\/546\/revisions\/1977"}],"wp:attachment":[{"href":"https:\/\/cajaherramientasea.ambiente.gob.ec\/index.php?rest_route=%2Fwp%2Fv2%2Fmedia&parent=546"}],"curies":[{"name":"wp","href":"https:\/\/api.w.org\/{rel}","templated":true}]}}