{"id":583,"date":"2021-10-07T11:55:00","date_gmt":"2021-10-07T16:55:00","guid":{"rendered":"http:\/\/172.16.0.171\/?page_id=583"},"modified":"2025-08-19T09:22:34","modified_gmt":"2025-08-19T14:22:34","slug":"patrimonio-natural-4","status":"publish","type":"page","link":"https:\/\/cajaherramientasea.ambiente.gob.ec\/?page_id=583","title":{"rendered":"Biblioteca"},"content":{"rendered":"\t\t<div data-elementor-type=\"wp-page\" data-elementor-id=\"583\" class=\"elementor elementor-583\">\n\t\t\t\t\t\t<section class=\"elementor-section elementor-top-section elementor-element elementor-element-7d4421b elementor-section-boxed elementor-section-height-default elementor-section-height-default\" data-id=\"7d4421b\" data-element_type=\"section\">\n\t\t\t\t\t\t<div class=\"elementor-container elementor-column-gap-default\">\n\t\t\t\t\t<div class=\"elementor-column elementor-col-100 elementor-top-column elementor-element elementor-element-4bf34c8\" data-id=\"4bf34c8\" data-element_type=\"column\">\n\t\t\t<div class=\"elementor-widget-wrap elementor-element-populated\">\n\t\t\t\t\t\t<div class=\"elementor-element elementor-element-8758c0f elementor-widget elementor-widget-spacer\" data-id=\"8758c0f\" data-element_type=\"widget\" data-widget_type=\"spacer.default\">\n\t\t\t\t<div class=\"elementor-widget-container\">\n\t\t\t\t\t\t\t<div class=\"elementor-spacer\">\n\t\t\t<div class=\"elementor-spacer-inner\"><\/div>\n\t\t<\/div>\n\t\t\t\t\t\t<\/div>\n\t\t\t\t<\/div>\n\t\t\t\t\t<\/div>\n\t\t<\/div>\n\t\t\t\t\t<\/div>\n\t\t<\/section>\n\t\t\t\t<section class=\"elementor-section elementor-top-section elementor-element elementor-element-a4dfa82 elementor-section-boxed elementor-section-height-default elementor-section-height-default\" data-id=\"a4dfa82\" data-element_type=\"section\">\n\t\t\t\t\t\t<div class=\"elementor-container elementor-column-gap-default\">\n\t\t\t\t\t<div class=\"elementor-column elementor-col-100 elementor-top-column elementor-element elementor-element-d3cce4c\" data-id=\"d3cce4c\" data-element_type=\"column\">\n\t\t\t<div class=\"elementor-widget-wrap elementor-element-populated\">\n\t\t\t\t\t\t<div class=\"elementor-element elementor-element-dacb1d8 elementor-widget elementor-widget-html\" data-id=\"dacb1d8\" data-element_type=\"widget\" data-widget_type=\"html.default\">\n\t\t\t\t<div class=\"elementor-widget-container\">\n\t\t\t\t\t<div class=\"biblioteca-e\">\r\n  <h2>Biblioteca<\/h2>\r\n  <ul>\r\n    <li><img decoding=\"async\" src=\"https:\/\/cajaherramientasea.ambiente.gob.ec\/wp-content\/uploads\/2025\/08\/formENF.webp\" alt=\"Manual 1\" class=\"imagen-listado\"><a href=\"https:\/\/cajaherramientasea.ambiente.gob.ec\/?page_id=1557\">Adaptaci\u00f3n al Cambio Clim\u00e1tico<\/a><\/li>\r\n    <li><img decoding=\"async\" src=\"https:\/\/cajaherramientasea.ambiente.gob.ec\/wp-content\/uploads\/2025\/08\/formENF.webp\" alt=\"Manual 1\" class=\"imagen-listado\"><a href=\"https:\/\/cajaherramientasea.ambiente.gob.ec\/?page_id=1562\">Aprendizaje Basado en Proyectos<\/a><\/li>\r\n    <li><img decoding=\"async\" src=\"https:\/\/cajaherramientasea.ambiente.gob.ec\/wp-content\/uploads\/2025\/08\/formENF.webp\" alt=\"Manual 1\" class=\"imagen-listado\"><a href=\"https:\/\/cajaherramientasea.ambiente.gob.ec\/?page_id=1572\">Barrio Verde<\/a><\/li>\r\n    <li><img decoding=\"async\" src=\"https:\/\/cajaherramientasea.ambiente.gob.ec\/wp-content\/uploads\/2025\/08\/formENF.webp\" alt=\"Manual 1\" class=\"imagen-listado\"><a href=\"https:\/\/cajaherramientasea.ambiente.gob.ec\/?page_id=1577\">Base Normativa e Institucional para la Implementaci\u00f3n de la Educaci\u00f3n Ambiental<\/a><\/li>\r\n    <li><img decoding=\"async\" src=\"https:\/\/cajaherramientasea.ambiente.gob.ec\/wp-content\/uploads\/2025\/08\/formENF.webp\" alt=\"Manual 1\" class=\"imagen-listado\"><a href=\"https:\/\/cajaherramientasea.ambiente.gob.ec\/?page_id=1581\">Biodiversidad<\/a><\/li>\r\n    <li><img decoding=\"async\" src=\"https:\/\/cajaherramientasea.ambiente.gob.ec\/wp-content\/uploads\/2025\/08\/formENF.webp\" alt=\"Manual 1\" class=\"imagen-listado\"><a href=\"https:\/\/cajaherramientasea.ambiente.gob.ec\/?page_id=1585\">Conformaci\u00f3n CLEA (entre otros)<\/a><\/li>\r\n    <li><img decoding=\"async\" src=\"https:\/\/cajaherramientasea.ambiente.gob.ec\/wp-content\/uploads\/2025\/08\/formENF.webp\" alt=\"Manual 1\" class=\"imagen-listado\"><a href=\"https:\/\/cajaherramientasea.ambiente.gob.ec\/?page_id=1589\">Constructivismo<\/a><\/li>\r\n    <li><img decoding=\"async\" src=\"https:\/\/cajaherramientasea.ambiente.gob.ec\/wp-content\/uploads\/2025\/08\/formENF.webp\" alt=\"Manual 1\" class=\"imagen-listado\"><a href=\"https:\/\/cajaherramientasea.ambiente.gob.ec\/?page_id=1605\">Desarrollo Sostenible<\/a><\/li>\r\n    <li><img decoding=\"async\" src=\"https:\/\/cajaherramientasea.ambiente.gob.ec\/wp-content\/uploads\/2025\/08\/formENF.webp\" alt=\"Manual 1\" class=\"imagen-listado\"><a href=\"https:\/\/cajaherramientasea.ambiente.gob.ec\/?page_id=1613\">Educaci\u00f3n Ambiental<\/a><\/li>\r\n    <li><img decoding=\"async\" src=\"https:\/\/cajaherramientasea.ambiente.gob.ec\/wp-content\/uploads\/2025\/08\/formENF.webp\" alt=\"Manual 1\" class=\"imagen-listado\"><a href=\"https:\/\/cajaherramientasea.ambiente.gob.ec\/?page_id=1621\">ERCA<\/a><\/li>\r\n    <li><img decoding=\"async\" src=\"https:\/\/cajaherramientasea.ambiente.gob.ec\/wp-content\/uploads\/2025\/08\/formENF.webp\" alt=\"Manual 1\" class=\"imagen-listado\"><a href=\"https:\/\/cajaherramientasea.ambiente.gob.ec\/?page_id=1625\">Gesti\u00f3n de Fauna Silvestre<\/a><\/li>\r\n    <li><img decoding=\"async\" src=\"https:\/\/cajaherramientasea.ambiente.gob.ec\/wp-content\/uploads\/2025\/08\/formENF.webp\" alt=\"Manual 1\" class=\"imagen-listado\"><a href=\"https:\/\/cajaherramientasea.ambiente.gob.ec\/?page_id=1629\">Gu\u00edas Metodol\u00f3gicas y Manuales<\/a><\/li>\r\n    <li><img decoding=\"async\" src=\"https:\/\/cajaherramientasea.ambiente.gob.ec\/wp-content\/uploads\/2025\/08\/formENF.webp\" alt=\"Manual 1\" class=\"imagen-listado\"><a href=\"https:\/\/cajaherramientasea.ambiente.gob.ec\/?page_id=738\">Informes de Gesti\u00f3n ENEA<\/a><\/li>\r\n    <li><img decoding=\"async\" src=\"https:\/\/cajaherramientasea.ambiente.gob.ec\/wp-content\/uploads\/2025\/08\/formENF.webp\" alt=\"Manual 1\" class=\"imagen-listado\"><a href=\"https:\/\/cajaherramientasea.ambiente.gob.ec\/?page_id=715\">Instrumentos<\/a><\/li>\r\n    <li><img decoding=\"async\" src=\"https:\/\/cajaherramientasea.ambiente.gob.ec\/wp-content\/uploads\/2025\/08\/formENF.webp\" alt=\"Manual 1\" class=\"imagen-listado\"><a href=\"https:\/\/cajaherramientasea.ambiente.gob.ec\/?page_id=1722\">Juegos, din\u00e1micas y actividades rompe hielo<\/a><\/li>\r\n    <li><img decoding=\"async\" src=\"https:\/\/cajaherramientasea.ambiente.gob.ec\/wp-content\/uploads\/2025\/08\/formENF.webp\" alt=\"Manual 1\" class=\"imagen-listado\"><a href=\"https:\/\/cajaherramientasea.ambiente.gob.ec\/?page_id=1657\">L\u00ednea Gr\u00e1fica Oficial<\/a><\/li>\r\n    <li><img decoding=\"async\" src=\"https:\/\/cajaherramientasea.ambiente.gob.ec\/wp-content\/uploads\/2025\/08\/formENF.webp\" alt=\"Manual 1\" class=\"imagen-listado\"><a href=\"https:\/\/cajaherramientasea.ambiente.gob.ec\/?page_id=1663\">Manual de BPA<\/a><\/li>\r\n    <li><img decoding=\"async\" src=\"https:\/\/cajaherramientasea.ambiente.gob.ec\/wp-content\/uploads\/2025\/08\/formENF.webp\" alt=\"Manual 1\" class=\"imagen-listado\"><a href=\"https:\/\/cajaherramientasea.ambiente.gob.ec\/?page_id=1670\">Manual de Facilitaci\u00f3n<\/a><\/li>\r\n    <li><img decoding=\"async\" src=\"https:\/\/cajaherramientasea.ambiente.gob.ec\/wp-content\/uploads\/2025\/08\/formENF.webp\" alt=\"Manual 1\" class=\"imagen-listado\"><a href=\"https:\/\/cajaherramientasea.ambiente.gob.ec\/?page_id=1675\">Material Elaborado<\/a><\/li>\r\n    <li><img decoding=\"async\" src=\"https:\/\/cajaherramientasea.ambiente.gob.ec\/wp-content\/uploads\/2025\/08\/formENF.webp\" alt=\"Manual 1\" class=\"imagen-listado\"><a href=\"https:\/\/cajaherramientasea.ambiente.gob.ec\/?page_id=1690\">Planes, Programas, Proyectos y actividades de sensibilizaci\u00f3n<\/a><\/li>\r\n    <li><img decoding=\"async\" src=\"https:\/\/cajaherramientasea.ambiente.gob.ec\/wp-content\/uploads\/2025\/08\/formENF.webp\" alt=\"Manual 1\" class=\"imagen-listado\"><a href=\"https:\/\/cajaherramientasea.ambiente.gob.ec\/?page_id=1695\">Promotores Ambientales Comunitarios<\/a><\/li>\r\n    <li><img decoding=\"async\" src=\"https:\/\/cajaherramientasea.ambiente.gob.ec\/wp-content\/uploads\/2025\/08\/formENF.webp\" alt=\"Manual 1\" class=\"imagen-listado\"><a href=\"https:\/\/cajaherramientasea.ambiente.gob.ec\/?page_id=1699\">Promotores Ambientales Institucionales<\/a><\/li>\r\n    <li><img decoding=\"async\" src=\"https:\/\/cajaherramientasea.ambiente.gob.ec\/wp-content\/uploads\/2025\/08\/formENF.webp\" alt=\"Manual 1\" class=\"imagen-listado\"><a href=\"https:\/\/cajaherramientasea.ambiente.gob.ec\/?page_id=1703\">Recursos H\u00eddricos<\/a><\/li>\r\n  <\/ul>\r\n <!-- <p class=\"nota\">\u201cEs tarea de TODOS la protecci\u00f3n y el cuidado de los bosques y ecosistemas\u201d<\/p> -->\r\n<\/div> \r\n\t\t\t\t<\/div>\n\t\t\t\t<\/div>\n\t\t\t\t\t<\/div>\n\t\t<\/div>\n\t\t\t\t\t<\/div>\n\t\t<\/section>\n\t\t\t\t<\/div>\n\t\t","protected":false},"excerpt":{"rendered":"<p>Biblioteca Adaptaci\u00f3n al Cambio Clim\u00e1tico Aprendizaje Basado en Proyectos Barrio Verde Base Normativa e Institucional para la Implementaci\u00f3n de la Educaci\u00f3n Ambiental Biodiversidad Conformaci\u00f3n CLEA (entre otros) Constructivismo Desarrollo Sostenible Educaci\u00f3n Ambiental ERCA Gesti\u00f3n de Fauna Silvestre Gu\u00edas Metodol\u00f3gicas y Manuales Informes de Gesti\u00f3n ENEA Instrumentos Juegos, din\u00e1micas y actividades rompe hielo L\u00ednea Gr\u00e1fica Oficial&hellip;&nbsp;<a href=\"https:\/\/cajaherramientasea.ambiente.gob.ec\/?page_id=583\" rel=\"bookmark\">Leer m\u00e1s &raquo;<span class=\"screen-reader-text\">Biblioteca<\/span><\/a><\/p>\n","protected":false},"author":1,"featured_media":0,"parent":0,"menu_order":0,"comment_status":"closed","ping_status":"closed","template":"page-templates\/template-pagebuilder-full-width.php","meta":{"neve_meta_sidebar":"","neve_meta_container":"","neve_meta_enable_content_width":"","neve_meta_content_width":0,"neve_meta_title_alignment":"","neve_meta_author_avatar":"","neve_post_elements_order":"","neve_meta_disable_header":"","neve_meta_disable_footer":"","neve_meta_disable_title":"","footnotes":""},"class_list":["post-583","page","type-page","status-publish","hentry"],"_links":{"self":[{"href":"https:\/\/cajaherramientasea.ambiente.gob.ec\/index.php?rest_route=\/wp\/v2\/pages\/583","targetHints":{"allow":["GET"]}}],"collection":[{"href":"https:\/\/cajaherramientasea.ambiente.gob.ec\/index.php?rest_route=\/wp\/v2\/pages"}],"about":[{"href":"https:\/\/cajaherramientasea.ambiente.gob.ec\/index.php?rest_route=\/wp\/v2\/types\/page"}],"author":[{"embeddable":true,"href":"https:\/\/cajaherramientasea.ambiente.gob.ec\/index.php?rest_route=\/wp\/v2\/users\/1"}],"replies":[{"embeddable":true,"href":"https:\/\/cajaherramientasea.ambiente.gob.ec\/index.php?rest_route=%2Fwp%2Fv2%2Fcomments&post=583"}],"version-history":[{"count":81,"href":"https:\/\/cajaherramientasea.ambiente.gob.ec\/index.php?rest_route=\/wp\/v2\/pages\/583\/revisions"}],"predecessor-version":[{"id":1958,"href":"https:\/\/cajaherramientasea.ambiente.gob.ec\/index.php?rest_route=\/wp\/v2\/pages\/583\/revisions\/1958"}],"wp:attachment":[{"href":"https:\/\/cajaherramientasea.ambiente.gob.ec\/index.php?rest_route=%2Fwp%2Fv2%2Fmedia&parent=583"}],"curies":[{"name":"wp","href":"https:\/\/api.w.org\/{rel}","templated":true}]}}