{"id":599,"date":"2021-10-07T12:46:34","date_gmt":"2021-10-07T17:46:34","guid":{"rendered":"http:\/\/172.16.0.171\/?page_id=599"},"modified":"2025-08-18T12:46:43","modified_gmt":"2025-08-18T17:46:43","slug":"cambio-climatico","status":"publish","type":"page","link":"https:\/\/cajaherramientasea.ambiente.gob.ec\/?page_id=599","title":{"rendered":"Cambio Clim\u00e1tico"},"content":{"rendered":"\t\t<div data-elementor-type=\"wp-page\" data-elementor-id=\"599\" class=\"elementor elementor-599\">\n\t\t\t\t\t\t<section class=\"elementor-section elementor-top-section elementor-element elementor-element-1f068e7 elementor-section-boxed elementor-section-height-default elementor-section-height-default\" data-id=\"1f068e7\" data-element_type=\"section\">\n\t\t\t\t\t\t<div class=\"elementor-container elementor-column-gap-default\">\n\t\t\t\t\t<div class=\"elementor-column elementor-col-100 elementor-top-column elementor-element elementor-element-2864102\" data-id=\"2864102\" data-element_type=\"column\">\n\t\t\t<div class=\"elementor-widget-wrap elementor-element-populated\">\n\t\t\t\t\t\t<div class=\"elementor-element elementor-element-1024f80 elementor-widget elementor-widget-html\" data-id=\"1024f80\" data-element_type=\"widget\" data-widget_type=\"html.default\">\n\t\t\t\t<div class=\"elementor-widget-container\">\n\t\t\t\t\t<article class=\"category-card\" >\r\n                    <!--\r\n                    <div class=\"card-image\">\r\n                        \r\n                        <div class=\"sinias-welcome\">\r\n                            <h2>Patrimonio Natural<\/h2>\r\n                        <\/div>\r\n                    -->\r\n                    <div class=\"elemento-img4\"><h2>Cambio Clim\u00e1tico<\/h2><\/div>  \r\n                    <div class=\"card-content\">\r\n                    <br>\r\n                        \r\n                        <p>Contempla el aporte de la educaci\u00f3n ambiental en las acciones vinculadas con la adaptaci\u00f3n, mitigaci\u00f3n, p\u00e9rdidas y da\u00f1os atribuidos al cambio clim\u00e1tico, as\u00ed como en la acci\u00f3n para el empoderamiento clim\u00e1tico. Por otra parte, contribuye al fortalecimiento de la educaci\u00f3n formal y no formal sobre patrones de producci\u00f3n y consumo sostenible.<\/p>\r\n            <p><b>Actividades Did\u00e1cticas sobre Cambio Clim\u00e1tico<\/b><\/p>\r\n                        <ul style=\"list-style: none; padding: 0;\">\r\n                            <li><a href=\"https:\/\/www.tigweb.org\/tiged\/projects\/treadlightly\/\">\ud83d\udd17Tread Lightly<\/a><p>Recursos did\u00e1cticos para educaci\u00f3n secundaria que forman parte de un programa educativo orientado a motivar a los j\u00f3venes a reducir su huella ecol\u00f3gica y tomar acci\u00f3n frente al cambio clim\u00e1tico.<\/p><\/li>\r\n                            <li><a href=\"http:\/\/www.kirima.es\/\">\ud83d\udd17El viaje de Kirima<\/a><p>Iniciativa de la Fundaci\u00f3n Gredos San Diego, este programa de educaci\u00f3n ambiental sobre cambio clim\u00e1tico est\u00e1 dirigido a ni\u00f1os de 3 a 6 a\u00f1os.<\/p><\/li>\r\n                            <li><a href=\"https:\/\/mediambient.gva.es\/es\/web\/ceacv\/recursos-educatius-per-a-l-emergencia-climatica\">\ud83d\udd17Caja de Recursos Educativos para la Emergencia Clim\u00e1tica<\/a><p>Gu\u00eda de recursos educativos del Centro de Educaci\u00f3n Ambiental de Comunidad Valenciana, destinada a quienes desean abordar el cambio clim\u00e1tico en el aula.<\/p><\/li>\r\n                             <li><a href=\"https:\/\/youthtoolkit.gca.org\/\">\ud83d\udd17Toolkit for Youth on Adaptation & Leadership<\/a><p>Desarrollado por el Programa de Liderazgo Juvenil del Centro Global de Adaptaci\u00f3n, el Centro de Justicia Clim\u00e1tica CARE y la Agencia Noruega de Cooperaci\u00f3n para el Desarrollo, este kit de herramientas est\u00e1 dirigido a j\u00f3venes interesados en fomentar soluciones de adaptaci\u00f3n al cambio clim\u00e1tico. <i>Disponible en ingl\u00e9s; se recomienda usar la opci\u00f3n \"Traducir esta p\u00e1gina\" de Google.<\/i><\/p><\/li>\r\n                             <li><a href=\"https:\/\/www.unicef.org\/ecuador\/topics\/efectos-del-cambio-clim%C3%A1tico\">\ud83d\udd17UNICEF Ecuador \u2013 Efectos del cambio clim\u00e1tico<\/a><p>Ofrece recursos educativos sobre c\u00f3mo el cambio clim\u00e1tico impacta a ni\u00f1as, ni\u00f1os y j\u00f3venes en Ecuador, incluyendo una gu\u00eda basada en saberes ancestrales para la adaptaci\u00f3n y mitigaci\u00f3n.<\/i><\/p><\/li>\r\n                        <\/ul>\r\n                        <!--\r\n                        <a href=\"#\" class=\"card-btn\">Explorar Art\u00edculos<\/a>\r\n                        -->\r\n                    <\/div>\r\n                <\/article>\t\t\t\t<\/div>\n\t\t\t\t<\/div>\n\t\t\t\t\t<\/div>\n\t\t<\/div>\n\t\t\t\t\t<\/div>\n\t\t<\/section>\n\t\t\t\t<\/div>\n\t\t","protected":false},"excerpt":{"rendered":"<p>Cambio Clim\u00e1tico Contempla el aporte de la educaci\u00f3n ambiental en las acciones vinculadas con la adaptaci\u00f3n, mitigaci\u00f3n, p\u00e9rdidas y da\u00f1os atribuidos al cambio clim\u00e1tico, as\u00ed como en la acci\u00f3n para el empoderamiento clim\u00e1tico. Por otra parte, contribuye al fortalecimiento de la educaci\u00f3n formal y no formal sobre patrones de producci\u00f3n y consumo sostenible. Actividades Did\u00e1cticas&hellip;&nbsp;<a href=\"https:\/\/cajaherramientasea.ambiente.gob.ec\/?page_id=599\" rel=\"bookmark\">Leer m\u00e1s &raquo;<span class=\"screen-reader-text\">Cambio Clim\u00e1tico<\/span><\/a><\/p>\n","protected":false},"author":1,"featured_media":0,"parent":0,"menu_order":0,"comment_status":"closed","ping_status":"closed","template":"page-templates\/template-pagebuilder-full-width.php","meta":{"neve_meta_sidebar":"","neve_meta_container":"","neve_meta_enable_content_width":"","neve_meta_content_width":0,"neve_meta_title_alignment":"","neve_meta_author_avatar":"","neve_post_elements_order":"","neve_meta_disable_header":"","neve_meta_disable_footer":"","neve_meta_disable_title":"","footnotes":""},"class_list":["post-599","page","type-page","status-publish","hentry"],"_links":{"self":[{"href":"https:\/\/cajaherramientasea.ambiente.gob.ec\/index.php?rest_route=\/wp\/v2\/pages\/599","targetHints":{"allow":["GET"]}}],"collection":[{"href":"https:\/\/cajaherramientasea.ambiente.gob.ec\/index.php?rest_route=\/wp\/v2\/pages"}],"about":[{"href":"https:\/\/cajaherramientasea.ambiente.gob.ec\/index.php?rest_route=\/wp\/v2\/types\/page"}],"author":[{"embeddable":true,"href":"https:\/\/cajaherramientasea.ambiente.gob.ec\/index.php?rest_route=\/wp\/v2\/users\/1"}],"replies":[{"embeddable":true,"href":"https:\/\/cajaherramientasea.ambiente.gob.ec\/index.php?rest_route=%2Fwp%2Fv2%2Fcomments&post=599"}],"version-history":[{"count":55,"href":"https:\/\/cajaherramientasea.ambiente.gob.ec\/index.php?rest_route=\/wp\/v2\/pages\/599\/revisions"}],"predecessor-version":[{"id":1898,"href":"https:\/\/cajaherramientasea.ambiente.gob.ec\/index.php?rest_route=\/wp\/v2\/pages\/599\/revisions\/1898"}],"wp:attachment":[{"href":"https:\/\/cajaherramientasea.ambiente.gob.ec\/index.php?rest_route=%2Fwp%2Fv2%2Fmedia&parent=599"}],"curies":[{"name":"wp","href":"https:\/\/api.w.org\/{rel}","templated":true}]}}