{"id":611,"date":"2021-10-07T13:31:57","date_gmt":"2021-10-07T18:31:57","guid":{"rendered":"http:\/\/172.16.0.171\/?page_id=611"},"modified":"2025-08-18T11:24:42","modified_gmt":"2025-08-18T16:24:42","slug":"calidad-ambiental","status":"publish","type":"page","link":"https:\/\/cajaherramientasea.ambiente.gob.ec\/?page_id=611","title":{"rendered":"Calidad Ambiental"},"content":{"rendered":"\t\t<div data-elementor-type=\"wp-page\" data-elementor-id=\"611\" class=\"elementor elementor-611\">\n\t\t\t\t\t\t<section class=\"elementor-section elementor-top-section elementor-element elementor-element-44d66c3 elementor-section-boxed elementor-section-height-default elementor-section-height-default\" data-id=\"44d66c3\" data-element_type=\"section\">\n\t\t\t\t\t\t<div class=\"elementor-container elementor-column-gap-default\">\n\t\t\t\t\t<div class=\"elementor-column elementor-col-100 elementor-top-column elementor-element elementor-element-0f40772\" data-id=\"0f40772\" data-element_type=\"column\">\n\t\t\t<div class=\"elementor-widget-wrap elementor-element-populated\">\n\t\t\t\t\t\t<div class=\"elementor-element elementor-element-3a39a63 elementor-widget elementor-widget-html\" data-id=\"3a39a63\" data-element_type=\"widget\" data-widget_type=\"html.default\">\n\t\t\t\t<div class=\"elementor-widget-container\">\n\t\t\t\t\t<article class=\"category-card\" >\r\n                    <!--\r\n                    <div class=\"card-image\">\r\n                        \r\n                        <div class=\"sinias-welcome\">\r\n                            <h2>Patrimonio Natural<\/h2>\r\n                        <\/div>\r\n                    -->\r\n                    <div class=\"elemento-img3\"><h2>Calidad Ambiental<\/h2><\/div>  \r\n                    <div class=\"card-content\">\r\n                    <br>\r\n                       \r\n                        <p> Aborda todos los esfuerzos implementados para precautelar la calidad de los recursos naturales, prevenir y controlar la contaminaci\u00f3n ambiental, desde un enfoque de educaci\u00f3n ambiental.\r\n<\/p>\r\n                        <ul class=\"card-topics\">\r\n                    <!--        <li>Prevenci\u00f3n y control de contaminaci\u00f3n<\/li>\r\n                     -->       <li><a href=\"https:\/\/www.carbonbrief.org\/\">Carbon Brief<\/a><p>Carbon Brief se especializa en explicar de forma clara y basada en datos complejos temas como la ciencia clim\u00e1tica, las estrategias de mitigaci\u00f3n, y las decisiones de pol\u00edtica p\u00fablica sobre energ\u00eda y clima.<i>El sitio est\u00e1 en ingl\u00e9s, pero puedes traducirlo con Google Traductor desde tu navegador.<\/i><\/p><\/li>\r\n                            <li><a href=\"https:\/\/es.co2.earth\/\" class=\"card-btn\">CO2.earth<\/a><p>Informaci\u00f3n actualizada sobre la concentraci\u00f3n de CO2 en la atm\u00f3sfera.<\/p><\/li>\r\n                        <\/ul>\r\n                    <!--\r\n                        <a href=\"#\" class=\"card-btn\">Explorar Art\u00edculos<\/a>\r\n                        -->\r\n                    <\/div>\r\n                <\/article>\t\t\t\t<\/div>\n\t\t\t\t<\/div>\n\t\t\t\t\t<\/div>\n\t\t<\/div>\n\t\t\t\t\t<\/div>\n\t\t<\/section>\n\t\t\t\t<\/div>\n\t\t","protected":false},"excerpt":{"rendered":"<p>Calidad Ambiental Aborda todos los esfuerzos implementados para precautelar la calidad de los recursos naturales, prevenir y controlar la contaminaci\u00f3n ambiental, desde un enfoque de educaci\u00f3n ambiental. Carbon Brief Carbon Brief se especializa en explicar de forma clara y basada en datos complejos temas como la ciencia clim\u00e1tica, las estrategias de mitigaci\u00f3n, y las decisiones&hellip;&nbsp;<a href=\"https:\/\/cajaherramientasea.ambiente.gob.ec\/?page_id=611\" rel=\"bookmark\">Leer m\u00e1s &raquo;<span class=\"screen-reader-text\">Calidad Ambiental<\/span><\/a><\/p>\n","protected":false},"author":1,"featured_media":0,"parent":0,"menu_order":0,"comment_status":"closed","ping_status":"closed","template":"page-templates\/template-pagebuilder-full-width.php","meta":{"neve_meta_sidebar":"","neve_meta_container":"","neve_meta_enable_content_width":"","neve_meta_content_width":0,"neve_meta_title_alignment":"","neve_meta_author_avatar":"","neve_post_elements_order":"","neve_meta_disable_header":"","neve_meta_disable_footer":"","neve_meta_disable_title":"","footnotes":""},"class_list":["post-611","page","type-page","status-publish","hentry"],"_links":{"self":[{"href":"https:\/\/cajaherramientasea.ambiente.gob.ec\/index.php?rest_route=\/wp\/v2\/pages\/611","targetHints":{"allow":["GET"]}}],"collection":[{"href":"https:\/\/cajaherramientasea.ambiente.gob.ec\/index.php?rest_route=\/wp\/v2\/pages"}],"about":[{"href":"https:\/\/cajaherramientasea.ambiente.gob.ec\/index.php?rest_route=\/wp\/v2\/types\/page"}],"author":[{"embeddable":true,"href":"https:\/\/cajaherramientasea.ambiente.gob.ec\/index.php?rest_route=\/wp\/v2\/users\/1"}],"replies":[{"embeddable":true,"href":"https:\/\/cajaherramientasea.ambiente.gob.ec\/index.php?rest_route=%2Fwp%2Fv2%2Fcomments&post=611"}],"version-history":[{"count":37,"href":"https:\/\/cajaherramientasea.ambiente.gob.ec\/index.php?rest_route=\/wp\/v2\/pages\/611\/revisions"}],"predecessor-version":[{"id":1885,"href":"https:\/\/cajaherramientasea.ambiente.gob.ec\/index.php?rest_route=\/wp\/v2\/pages\/611\/revisions\/1885"}],"wp:attachment":[{"href":"https:\/\/cajaherramientasea.ambiente.gob.ec\/index.php?rest_route=%2Fwp%2Fv2%2Fmedia&parent=611"}],"curies":[{"name":"wp","href":"https:\/\/api.w.org\/{rel}","templated":true}]}}