{"id":619,"date":"2021-10-07T13:39:23","date_gmt":"2021-10-07T18:39:23","guid":{"rendered":"http:\/\/172.16.0.171\/?page_id=619"},"modified":"2025-08-18T11:16:56","modified_gmt":"2025-08-18T16:16:56","slug":"agua-oceano","status":"publish","type":"page","link":"https:\/\/cajaherramientasea.ambiente.gob.ec\/?page_id=619","title":{"rendered":"Agua y Oc\u00e9ano"},"content":{"rendered":"\t\t<div data-elementor-type=\"wp-page\" data-elementor-id=\"619\" class=\"elementor elementor-619\">\n\t\t\t\t\t\t<section class=\"elementor-section elementor-top-section elementor-element elementor-element-1ba0df4 elementor-section-boxed elementor-section-height-default elementor-section-height-default\" data-id=\"1ba0df4\" data-element_type=\"section\">\n\t\t\t\t\t\t<div class=\"elementor-container elementor-column-gap-default\">\n\t\t\t\t\t<div class=\"elementor-column elementor-col-100 elementor-top-column elementor-element elementor-element-6a6e752\" data-id=\"6a6e752\" data-element_type=\"column\">\n\t\t\t<div class=\"elementor-widget-wrap elementor-element-populated\">\n\t\t\t\t\t\t<div class=\"elementor-element elementor-element-de9ba5d elementor-widget elementor-widget-html\" data-id=\"de9ba5d\" data-element_type=\"widget\" data-widget_type=\"html.default\">\n\t\t\t\t<div class=\"elementor-widget-container\">\n\t\t\t\t\t<article class=\"category-card\" >\r\n                   <!--\r\n                    <div class=\"card-image\">\r\n                        \r\n                        <div class=\"sinias-welcome\">\r\n                            <h2>Patrimonio Natural<\/h2>\r\n                        <\/div>\r\n                    -->\r\n                    <div class=\"elemento-img2\"><h2>Agua y Oc\u00e9ano<\/h2><\/div>  \r\n                    <div class=\"card-content\">\r\n                    <br>\r\n                    \r\n                        \r\n                        <p>Considera la gesti\u00f3n que se puede desarrollar a trav\u00e9s de la educaci\u00f3n ambiental para proteger y conservar los recursos h\u00eddricos y los ecosistemas marinos, costeros y oce\u00e1nicos del Ecuador, incluyendo sus aguas continentales, zonas costeras, manglares, arrecifes, y la biodiversidad asociada a las islas y al mar territorial.<\/p>\r\n                        <p><b>Actividades Did\u00e1cticas sobre Agua y Oc\u00e9ano<\/b><\/p>\r\n                        <ul class=\"card-topics\">\r\n                            <li><a href=\"https:\/\/iucn.org\/our-work\/freshwater-and-water-security?type=All&cntry=1324&rgn=All&tpc=All\">\ud83d\udd17Agua dulce y seguridad h\u00eddrica<\/a><p>La secci\u00f3n \u201cFreshwater and Water Security\u201d de IUCN ofrece informaci\u00f3n, herramientas y estrategias para promover la gesti\u00f3n sostenible del agua dulce.<\/p><\/li>\r\n                            <li><a href=\"https:\/\/www.theoceanagency.org\/toolkits\">\ud83d\udd17The Ocean Agency<\/a><p>Recursos visuales y educativos para la sensibilizaci\u00f3n sobre la conservaci\u00f3n marina y los arrecifes de coral.<\/p><\/li>\r\n                            <li><a href=\"https:\/\/oceanliteracy.unesco.org\/projects\/sea-beyond\">\ud83d\udd17SEA BEYOND<\/a><p>SEA BEYOND es el proyecto del Grupo Prada junto con la UNESCO-COI para promover la educaci\u00f3n sobre el oc\u00e9ano.<\/p><\/li>\r\n                            <li><a href=\"https:\/\/es.oceancampus.eu\/\">\ud83d\udd17Ocean Campus, la plataforma educativa de Surfrider<\/a><p>Ocean Campus es una plataforma educativa en l\u00ednea dise\u00f1ada para sensibilizar y capacitar a estudiantes, docentes y ciudadanos sobre la protecci\u00f3n de los oc\u00e9anos.<\/p><\/li>\r\n                        <\/ul>\r\n                    <!-- \r\n                        <a href=\"#\" class=\"card-btn\">Explorar Art\u00edculos<\/a>\r\n                        -->\r\n                    <\/div>\r\n                <\/article>\t\t\t\t<\/div>\n\t\t\t\t<\/div>\n\t\t\t\t\t<\/div>\n\t\t<\/div>\n\t\t\t\t\t<\/div>\n\t\t<\/section>\n\t\t\t\t<\/div>\n\t\t","protected":false},"excerpt":{"rendered":"<p>Agua y Oc\u00e9ano Considera la gesti\u00f3n que se puede desarrollar a trav\u00e9s de la educaci\u00f3n ambiental para proteger y conservar los recursos h\u00eddricos y los ecosistemas marinos, costeros y oce\u00e1nicos del Ecuador, incluyendo sus aguas continentales, zonas costeras, manglares, arrecifes, y la biodiversidad asociada a las islas y al mar territorial. Actividades Did\u00e1cticas sobre Agua&hellip;&nbsp;<a href=\"https:\/\/cajaherramientasea.ambiente.gob.ec\/?page_id=619\" rel=\"bookmark\">Leer m\u00e1s &raquo;<span class=\"screen-reader-text\">Agua y Oc\u00e9ano<\/span><\/a><\/p>\n","protected":false},"author":1,"featured_media":0,"parent":0,"menu_order":0,"comment_status":"closed","ping_status":"closed","template":"page-templates\/template-pagebuilder-full-width.php","meta":{"neve_meta_sidebar":"","neve_meta_container":"","neve_meta_enable_content_width":"off","neve_meta_content_width":100,"neve_meta_title_alignment":"","neve_meta_author_avatar":"","neve_post_elements_order":"","neve_meta_disable_header":"","neve_meta_disable_footer":"","neve_meta_disable_title":"","footnotes":""},"class_list":["post-619","page","type-page","status-publish","hentry"],"_links":{"self":[{"href":"https:\/\/cajaherramientasea.ambiente.gob.ec\/index.php?rest_route=\/wp\/v2\/pages\/619","targetHints":{"allow":["GET"]}}],"collection":[{"href":"https:\/\/cajaherramientasea.ambiente.gob.ec\/index.php?rest_route=\/wp\/v2\/pages"}],"about":[{"href":"https:\/\/cajaherramientasea.ambiente.gob.ec\/index.php?rest_route=\/wp\/v2\/types\/page"}],"author":[{"embeddable":true,"href":"https:\/\/cajaherramientasea.ambiente.gob.ec\/index.php?rest_route=\/wp\/v2\/users\/1"}],"replies":[{"embeddable":true,"href":"https:\/\/cajaherramientasea.ambiente.gob.ec\/index.php?rest_route=%2Fwp%2Fv2%2Fcomments&post=619"}],"version-history":[{"count":45,"href":"https:\/\/cajaherramientasea.ambiente.gob.ec\/index.php?rest_route=\/wp\/v2\/pages\/619\/revisions"}],"predecessor-version":[{"id":1873,"href":"https:\/\/cajaherramientasea.ambiente.gob.ec\/index.php?rest_route=\/wp\/v2\/pages\/619\/revisions\/1873"}],"wp:attachment":[{"href":"https:\/\/cajaherramientasea.ambiente.gob.ec\/index.php?rest_route=%2Fwp%2Fv2%2Fmedia&parent=619"}],"curies":[{"name":"wp","href":"https:\/\/api.w.org\/{rel}","templated":true}]}}