{"id":738,"date":"2021-10-08T01:11:01","date_gmt":"2021-10-08T06:11:01","guid":{"rendered":"http:\/\/172.16.0.171\/?page_id=738"},"modified":"2021-10-08T01:12:28","modified_gmt":"2021-10-08T06:12:28","slug":"informes-de-gestion-enea","status":"publish","type":"page","link":"https:\/\/cajaherramientasea.ambiente.gob.ec\/?page_id=738","title":{"rendered":"Informes de gesti\u00f3n ENEA"},"content":{"rendered":"\t\t<div data-elementor-type=\"wp-page\" data-elementor-id=\"738\" class=\"elementor elementor-738\">\n\t\t\t\t\t\t<section class=\"elementor-section elementor-top-section elementor-element elementor-element-815f230 elementor-section-boxed elementor-section-height-default elementor-section-height-default\" data-id=\"815f230\" data-element_type=\"section\">\n\t\t\t\t\t\t<div class=\"elementor-container elementor-column-gap-default\">\n\t\t\t\t\t<div class=\"elementor-column elementor-col-100 elementor-top-column elementor-element elementor-element-0d7d4d2\" data-id=\"0d7d4d2\" data-element_type=\"column\">\n\t\t\t<div class=\"elementor-widget-wrap elementor-element-populated\">\n\t\t\t\t\t\t<div class=\"elementor-element elementor-element-0a65068 elementor-widget elementor-widget-spacer\" data-id=\"0a65068\" data-element_type=\"widget\" data-widget_type=\"spacer.default\">\n\t\t\t\t<div class=\"elementor-widget-container\">\n\t\t\t\t\t\t\t<div class=\"elementor-spacer\">\n\t\t\t<div class=\"elementor-spacer-inner\"><\/div>\n\t\t<\/div>\n\t\t\t\t\t\t<\/div>\n\t\t\t\t<\/div>\n\t\t\t\t<div class=\"elementor-element elementor-element-8eaad8c elementor-widget elementor-widget-heading\" data-id=\"8eaad8c\" data-element_type=\"widget\" data-widget_type=\"heading.default\">\n\t\t\t\t<div class=\"elementor-widget-container\">\n\t\t\t\t\t<h2 class=\"elementor-heading-title elementor-size-default\">Informes de gesti\u00f3n ENEA (para desarrollo de informes solicitados sobre gestiones desarrolladas en el marco de la ENEA)<\/h2>\t\t\t\t<\/div>\n\t\t\t\t<\/div>\n\t\t\t\t\t<\/div>\n\t\t<\/div>\n\t\t\t\t\t<\/div>\n\t\t<\/section>\n\t\t\t\t<section class=\"elementor-section elementor-top-section elementor-element elementor-element-4128fff elementor-section-boxed elementor-section-height-default elementor-section-height-default\" data-id=\"4128fff\" data-element_type=\"section\">\n\t\t\t\t\t\t<div class=\"elementor-container elementor-column-gap-default\">\n\t\t\t\t\t<div class=\"elementor-column elementor-col-100 elementor-top-column elementor-element elementor-element-cf66ccf\" data-id=\"cf66ccf\" data-element_type=\"column\">\n\t\t\t<div class=\"elementor-widget-wrap elementor-element-populated\">\n\t\t\t\t\t\t<div class=\"elementor-element elementor-element-8c8156e elementor-widget elementor-widget-wpdmpackages\" data-id=\"8c8156e\" data-element_type=\"widget\" data-widget_type=\"wpdmpackages.default\">\n\t\t\t\t<div class=\"elementor-widget-container\">\n\t\t\t\t\t<div class='w3eden'>\n    <div class=''>\n\n        <form method=\"get\" class=\"__wpdm_submit_async\" data-container=\"#content_wpdm_package_1\" id=\"sc_form_wpdm_package_1\" style=\"margin-bottom: 15px\">\n    \n            <div class=\"card panel panel-default wpdm-shortcode-toolbar\">\n                <div class=\"card-body panel-body\">\n                    <div class=\"row\">\n                        <div class=\"col-lg-6 col-md-12\">\n                            <input type=\"search\" name=\"skw\" value=\"\" placeholder=\"Buscar palabra clave\u2026\" class=\"form-control\" \/>\n                        <\/div>\n                        <div class=\"col-lg-2 col-md-4\">\n                            <select name=\"orderby\" class=\"wpdm-custom-select custom-select\">\n                                <option value=\"date\" disabled=\"disabled\">Ordenar por:<\/option>\n                                <option value=\"date\" >Fecha de publicaci\u00f3n<\/option>\n                                <option value=\"title\" >T\u00edtulo<\/option>\n                                <option value=\"update_date\" >Fecha de actualizaci\u00f3n<\/option>\n                                <option value=\"downloads\" >Descargas<\/option>\n                                <option value=\"views\" >Visitas<\/option>\n                            <\/select>\n                        <\/div>\n                        <div class=\"col-lg-2 col-md-4\">\n                            <select name=\"order\" class=\"wpdm-custom-select custom-select\">\n                                <option value=\"desc\" disabled=\"disabled\">Orden:<\/option>\n                                <option value=\"desc\" >Descendente<\/option>\n                                <option value=\"asc\" >Ascendente<\/option>\n                            <\/select>\n                        <\/div>\n                        <div class=\"col-lg-2 col-md-4\">\n                            <button type=\"submit\" class=\"btn btn-info btn-block\">Aplicar el filtro<\/button>\n                        <\/div>\n                    <\/div>\n                <\/div>\n            <\/div>\n\n            <\/form>\n<div class=\"spacer mb-3 d-block clearfix\"><\/div>\n\n        <div id=\"content_wpdm_package_1\">\n            <div class='row'><div class='col-lg-4 col-md-6 col-12'><!-- WPDM Link Template: Default Template -->\n\n<div class=\"link-template-default card mb-2\">\n    <div class=\"card-body\">\n        <div class=\"media\">\n            <div class=\"mr-3 img-48\"><img decoding=\"async\" class=\"wpdm_icon\" alt=\"Icono\"   src=\"http:\/\/172.16.0.171\/wp-content\/plugins\/download-manager\/assets\/file-type-icons\/pdf.png\" \/><\/div>\n            <div class=\"media-body\">\n                <h3 class=\"package-title\"><a href='https:\/\/cajaherramientasea.ambiente.gob.ec\/?wpdmpro=informe-semestral-enea'>Informe Semestral ENEA<\/a><\/h3>\n                <div class=\"text-muted text-small\"><i class=\"fas fa-copy\"><\/i> 1 archivo(s) <i class=\"fas fa-hdd ml-3\"><\/i> 1.14 MB<\/div>\n            <\/div>\n            <div class=\"ml-3\">\n                <a class='wpdm-download-link download-on-click btn btn-primary ' rel='nofollow' href='#' data-downloadurl=\"https:\/\/cajaherramientasea.ambiente.gob.ec\/?wpdmpro=informe-semestral-enea&wpdmdl=887&refresh=69f4e53a436fd1777657146\">Descargar<\/a>\n            <\/div>\n        <\/div>\n    <\/div>\n<\/div>\n\n<\/div><div class='col-lg-4 col-md-6 col-12'><!-- WPDM Link Template: Default Template -->\n\n<div class=\"link-template-default card mb-2\">\n    <div class=\"card-body\">\n        <div class=\"media\">\n            <div class=\"mr-3 img-48\"><img decoding=\"async\" class=\"wpdm_icon\" alt=\"Icono\"   src=\"http:\/\/172.16.0.171\/wp-content\/plugins\/download-manager\/assets\/file-type-icons\/pdf.png\" \/><\/div>\n            <div class=\"media-body\">\n                <h3 class=\"package-title\"><a href='https:\/\/cajaherramientasea.ambiente.gob.ec\/?wpdmpro=informe-de-implementacion-enea-2do-semestre-2020'>Informe de implementaci\u00f3n ENEA 2do semestre 2020<\/a><\/h3>\n                <div class=\"text-muted text-small\"><i class=\"fas fa-copy\"><\/i> 1 archivo(s) <i class=\"fas fa-hdd ml-3\"><\/i> 776.74 KB<\/div>\n            <\/div>\n            <div class=\"ml-3\">\n                <a class='wpdm-download-link download-on-click btn btn-primary ' rel='nofollow' href='#' data-downloadurl=\"https:\/\/cajaherramientasea.ambiente.gob.ec\/?wpdmpro=informe-de-implementacion-enea-2do-semestre-2020&wpdmdl=886&refresh=69f4e53a4509b1777657146\">Descargar<\/a>\n            <\/div>\n        <\/div>\n    <\/div>\n<\/div>\n\n<\/div><\/div>                    <\/div>\n\n        <div style='clear:both'><\/div>\n    <\/div>\n<\/div>\n\t\t\t\t<\/div>\n\t\t\t\t<\/div>\n\t\t\t\t\t<\/div>\n\t\t<\/div>\n\t\t\t\t\t<\/div>\n\t\t<\/section>\n\t\t\t\t<\/div>\n\t\t","protected":false},"excerpt":{"rendered":"<p>Informes de gesti\u00f3n ENEA (para desarrollo de informes solicitados sobre gestiones desarrolladas en el marco de la ENEA) Ordenar por:Fecha de publicaci\u00f3nT\u00edtuloFecha de actualizaci\u00f3nDescargasVisitas Orden:DescendenteAscendente Aplicar el filtro Plantilla Power Point 0.00 KB 2 Descargas 17 de agosto de 2021 Descargar<\/p>\n","protected":false},"author":1,"featured_media":0,"parent":0,"menu_order":0,"comment_status":"closed","ping_status":"closed","template":"page-templates\/template-pagebuilder-full-width.php","meta":{"neve_meta_sidebar":"","neve_meta_container":"","neve_meta_enable_content_width":"","neve_meta_content_width":0,"neve_meta_title_alignment":"","neve_meta_author_avatar":"","neve_post_elements_order":"","neve_meta_disable_header":"","neve_meta_disable_footer":"","neve_meta_disable_title":"","footnotes":""},"class_list":["post-738","page","type-page","status-publish","hentry"],"_links":{"self":[{"href":"https:\/\/cajaherramientasea.ambiente.gob.ec\/index.php?rest_route=\/wp\/v2\/pages\/738","targetHints":{"allow":["GET"]}}],"collection":[{"href":"https:\/\/cajaherramientasea.ambiente.gob.ec\/index.php?rest_route=\/wp\/v2\/pages"}],"about":[{"href":"https:\/\/cajaherramientasea.ambiente.gob.ec\/index.php?rest_route=\/wp\/v2\/types\/page"}],"author":[{"embeddable":true,"href":"https:\/\/cajaherramientasea.ambiente.gob.ec\/index.php?rest_route=\/wp\/v2\/users\/1"}],"replies":[{"embeddable":true,"href":"https:\/\/cajaherramientasea.ambiente.gob.ec\/index.php?rest_route=%2Fwp%2Fv2%2Fcomments&post=738"}],"version-history":[{"count":3,"href":"https:\/\/cajaherramientasea.ambiente.gob.ec\/index.php?rest_route=\/wp\/v2\/pages\/738\/revisions"}],"predecessor-version":[{"id":741,"href":"https:\/\/cajaherramientasea.ambiente.gob.ec\/index.php?rest_route=\/wp\/v2\/pages\/738\/revisions\/741"}],"wp:attachment":[{"href":"https:\/\/cajaherramientasea.ambiente.gob.ec\/index.php?rest_route=%2Fwp%2Fv2%2Fmedia&parent=738"}],"curies":[{"name":"wp","href":"https:\/\/api.w.org\/{rel}","templated":true}]}}